{"id":1183,"date":"2021-01-15T18:46:32","date_gmt":"2021-01-15T17:46:32","guid":{"rendered":"https:\/\/rvm1882.wp-hosting.dnl-computer.de\/?page_id=1183"},"modified":"2021-03-18T11:21:45","modified_gmt":"2021-03-18T10:21:45","slug":"links","status":"publish","type":"page","link":"https:\/\/rvm1882.de\/index.php\/der_verein\/links\/","title":{"rendered":"Links"},"content":{"rendered":"\n<h2 class=\"wp-block-heading\">Presse<\/h2>\n\n\n\n<p><a href=\"https:\/\/www.wn.de\/Sport\/Lokalsport\/Muenster\/4288965-Rudern-NRW-Meisterschaften-RV-Muenster-nicht-zu-stoppen\">NRW Meisterschaften 2020: Der RVM 1882 ist nicht zu stoppen<\/a><\/p>\n\n\n\n<p><a href=\"https:\/\/www.wn.de\/Sport\/Lokalsport\/Muenster\/4319259-Rudern-50.-Fruehjahrsregatta-Ruderer-planen-Neustart-auf-dem-Aasee-Ende-April\">50. Fr\u00fchjahrsregatta 2021: Ruderer planen Neustart Ende April<\/a><\/p>\n\n\n\n<p><a href=\"https:\/\/www.wn.de\/Muenster\/4225410-Muenster-B-Side-Umbaubeschlossen\">B-Side: Umbau beschlossen<\/a><\/p>\n\n\n\n<h2 class=\"wp-block-heading\">Termine<\/h2>\n\n\n\n<p><a href=\"https:\/\/www.m-r-v.de\/index.php\/regatten\/aaseeregatta\">Fr\u00fchregatta 2021 auf dem M\u00fcnsteraner Aasee<\/a><\/p>\n\n\n\n<p><a href=\"https:\/\/www.rudern.de\/news\/2020\/ruderbundesliga-terminierung-bekanntgegeben\">Deutscher Ruderverband: Ruderbundesliga Terminierung 2021 bekanntgegeben<\/a><\/p>\n\n\n\n<p><a href=\"https:\/\/www.rudern.de\/news\/2020\/drv-wanderfahrten-2021\">DRV-Wanderfahrten 2021<\/a><\/p>\n\n\n\n<h3 class=\"wp-block-heading\">Empfohlene Internet-Seiten rund um das Thema \u201eRudern\u201c.<\/h3>\n\n\n\n<p><a href=\"https:\/\/www.rudern.de\/\" target=\"_blank\" rel=\"noreferrer noopener\">Deutscher Ruderverband (DRV)<\/a><br>Alle Themen rund ums Rudern: Leistungssport, Breitensport, Jugend, Verbandsarbeit, Bootsb\u00f6rse, Gew\u00e4sserkatalog und vieles mehr<\/p>\n\n\n\n<p><a href=\"https:\/\/www.rudern.nrw\/\" target=\"_blank\" rel=\"noreferrer noopener\">Nordrhein-Westf\u00e4lischer Ruderverband (NWRV)<\/a><br>Termine, Weiterbildungsm\u00f6glichkeiten, \u00dcbersicht von Rudervereins-Adressen und Ansprechpartnern<\/p>\n\n\n\n<p><a href=\"http:\/\/www.regatta.ms\/\" target=\"_blank\" rel=\"noreferrer noopener\">M\u00fcnsteraner Regattaverein<\/a><br>Termine, Meldeergebnisse und Rennergebnisse der Regatten auf dem Aasee<\/p>\n\n\n\n<p><a href=\"https:\/\/www.rudern.de\/wettkampfsport\/ruder-bundesliga\" target=\"_blank\" rel=\"noreferrer noopener\">Ruderbundesliga<\/a><br>Aktuelle Berichte rund um die Ruderbundesliga, viele Fotos und Videos der Rennen<\/p>\n\n\n\n<p><a href=\"https:\/\/deutschlandachter.de\/\" target=\"_blank\" rel=\"noreferrer noopener\">Nationalteam M\u00e4nner Riemen<\/a><br>Aktuelle Berichte und Fotos rund um den deutschen M\u00e4nner-Achter, -Zweier und -Vierer<\/p>\n\n\n\n<p><a href=\"https:\/\/www.frauenachter.de\/\" target=\"_blank\" rel=\"noreferrer noopener\">Nationalteam Frauen Riemen<\/a><br>Aktuelle Berichte und Fotos rund um den deutschen Frauen-Achter, -Zweier und -Vierer<\/p>\n\n\n\n<p><a href=\"https:\/\/www.rudern.de\/ruderjugend\" target=\"_blank\" rel=\"noreferrer noopener\">Ruderjugend NRW<\/a><br>Informationen rund um die Jugendarbeit des Deutschen Ruderverbands<\/p>\n\n\n\n<p><a href=\"http:\/\/Bund deutscher Sch\u00fclerruderer\" target=\"_blank\" rel=\"noreferrer noopener\">Bund deutscher Sch\u00fclerruderer<\/a><br>Informationen rund um das Sch\u00fclerrudern, Stellenb\u00f6rse f\u00fcr Ruderlehrer, Sch\u00fclerruderpokal und mehr<\/p>\n\n\n\n<p><a href=\"https:\/\/www.elwis.de\/DE\/Startseite\/Startseite-node.html\" target=\"_blank\" rel=\"noreferrer noopener\">ELWIS (Elektronisches Wasserstra\u00dfen-Informationssystem)<\/a><br>Aktuelle Wasserst\u00e4nde, Sperrungen, gew\u00e4sserkundliche Informationen<\/p>\n\n\n\n<p><a href=\"https:\/\/www.juebermann.de\/\" target=\"_blank\" rel=\"noreferrer noopener\">J\u00fcbermann-Verlag<\/a><br>Wohl der einzige Verlag, der Karten speziell f\u00fcr Ruderer und Kanuten herausgibt.<\/p>\n\n\n\n<p><a href=\"http:\/\/www.praxisrobertarndt.de\/\" target=\"_blank\" rel=\"noreferrer noopener\">Praxis Robert Arndt<\/a><br>St\u00fctzpunkt-Physiotherapeut und erfolgreicher Ruderer<\/p>\n","protected":false},"excerpt":{"rendered":"<p>Presse NRW Meisterschaften 2020: Der RVM 1882 ist nicht zu stoppen 50. Fr\u00fchjahrsregatta 2021: Ruderer planen Neustart Ende April B-Side: Umbau beschlossen Termine Fr\u00fchregatta 2021 auf dem M\u00fcnsteraner Aasee Deutscher&hellip;<\/p>\n","protected":false},"author":2,"featured_media":0,"parent":8,"menu_order":0,"comment_status":"closed","ping_status":"closed","template":"","meta":{"_monsterinsights_skip_tracking":false,"_monsterinsights_sitenote_active":false,"_monsterinsights_sitenote_note":"","_monsterinsights_sitenote_category":0,"footnotes":""},"aioseo_notices":[],"yoast_head":"<!-- This site is optimized with the Yoast SEO plugin v22.6 - https:\/\/yoast.com\/wordpress\/plugins\/seo\/ -->\n<title>Links - Ruderverein M\u00fcnster von 1882 e. V.<\/title>\n<meta name=\"description\" content=\"Empfohlene Internet-Seiten rund um das Thema \u201eRudern\u201c, Pressebeitr\u00e4ge und Termine vom Ruderverein M\u00fcnster von 1882 e.V.\" \/>\n<meta name=\"robots\" content=\"index, follow, max-snippet:-1, max-image-preview:large, max-video-preview:-1\" \/>\n<link rel=\"canonical\" href=\"https:\/\/rvm1882.de\/index.php\/der_verein\/links\/\" \/>\n<meta property=\"og:locale\" content=\"de_DE\" \/>\n<meta property=\"og:type\" content=\"article\" \/>\n<meta property=\"og:title\" content=\"Links - Ruderverein M\u00fcnster von 1882 e. V.\" \/>\n<meta property=\"og:description\" content=\"Empfohlene Internet-Seiten rund um das Thema \u201eRudern\u201c, Pressebeitr\u00e4ge und Termine vom Ruderverein M\u00fcnster von 1882 e.V.\" \/>\n<meta property=\"og:url\" content=\"https:\/\/rvm1882.de\/index.php\/der_verein\/links\/\" \/>\n<meta property=\"og:site_name\" content=\"Ruderverein M\u00fcnster von 1882 e. V.\" \/>\n<meta property=\"article:modified_time\" content=\"2021-03-18T10:21:45+00:00\" \/>\n<meta name=\"twitter:card\" content=\"summary_large_image\" \/>\n<meta name=\"twitter:label1\" content=\"Gesch\u00e4tzte Lesezeit\" \/>\n\t<meta name=\"twitter:data1\" content=\"1\u00a0Minute\" \/>\n<script type=\"application\/ld+json\" class=\"yoast-schema-graph\">{\"@context\":\"https:\/\/schema.org\",\"@graph\":[{\"@type\":\"WebPage\",\"@id\":\"https:\/\/rvm1882.de\/index.php\/der_verein\/links\/\",\"url\":\"https:\/\/rvm1882.de\/index.php\/der_verein\/links\/\",\"name\":\"Links - Ruderverein M\u00fcnster von 1882 e. V.\",\"isPartOf\":{\"@id\":\"https:\/\/rvm1882.de\/#website\"},\"datePublished\":\"2021-01-15T17:46:32+00:00\",\"dateModified\":\"2021-03-18T10:21:45+00:00\",\"description\":\"Empfohlene Internet-Seiten rund um das Thema \u201eRudern\u201c, Pressebeitr\u00e4ge und Termine vom Ruderverein M\u00fcnster von 1882 e.V.\",\"breadcrumb\":{\"@id\":\"https:\/\/rvm1882.de\/index.php\/der_verein\/links\/#breadcrumb\"},\"inLanguage\":\"de\",\"potentialAction\":[{\"@type\":\"ReadAction\",\"target\":[\"https:\/\/rvm1882.de\/index.php\/der_verein\/links\/\"]}]},{\"@type\":\"BreadcrumbList\",\"@id\":\"https:\/\/rvm1882.de\/index.php\/der_verein\/links\/#breadcrumb\",\"itemListElement\":[{\"@type\":\"ListItem\",\"position\":1,\"name\":\"Home\",\"item\":\"https:\/\/rvm1882.de\/\"},{\"@type\":\"ListItem\",\"position\":2,\"name\":\"Der Verein\",\"item\":\"https:\/\/rvm1882.de\/index.php\/der_verein\/\"},{\"@type\":\"ListItem\",\"position\":3,\"name\":\"Links\"}]},{\"@type\":\"WebSite\",\"@id\":\"https:\/\/rvm1882.de\/#website\",\"url\":\"https:\/\/rvm1882.de\/\",\"name\":\"Ruderverein M\u00fcnster von 1882 e. V.\",\"description\":\"\",\"publisher\":{\"@id\":\"https:\/\/rvm1882.de\/#organization\"},\"potentialAction\":[{\"@type\":\"SearchAction\",\"target\":{\"@type\":\"EntryPoint\",\"urlTemplate\":\"https:\/\/rvm1882.de\/?s={search_term_string}\"},\"query-input\":\"required name=search_term_string\"}],\"inLanguage\":\"de\"},{\"@type\":\"Organization\",\"@id\":\"https:\/\/rvm1882.de\/#organization\",\"name\":\"Ruderverein M\u00fcnster von 1882 e. V.\",\"url\":\"https:\/\/rvm1882.de\/\",\"logo\":{\"@type\":\"ImageObject\",\"inLanguage\":\"de\",\"@id\":\"https:\/\/rvm1882.de\/#\/schema\/logo\/image\/\",\"url\":\"https:\/\/rvm1882.de\/wp-content\/uploads\/2021\/03\/RVM_1882_Logo-1-e1680243356993.png\",\"contentUrl\":\"https:\/\/rvm1882.de\/wp-content\/uploads\/2021\/03\/RVM_1882_Logo-1-e1680243356993.png\",\"width\":500,\"height\":379,\"caption\":\"Ruderverein M\u00fcnster von 1882 e. V.\"},\"image\":{\"@id\":\"https:\/\/rvm1882.de\/#\/schema\/logo\/image\/\"}}]}<\/script>\n<!-- \/ Yoast SEO plugin. -->","yoast_head_json":{"title":"Links - Ruderverein M\u00fcnster von 1882 e. V.","description":"Empfohlene Internet-Seiten rund um das Thema \u201eRudern\u201c, Pressebeitr\u00e4ge und Termine vom Ruderverein M\u00fcnster von 1882 e.V.","robots":{"index":"index","follow":"follow","max-snippet":"max-snippet:-1","max-image-preview":"max-image-preview:large","max-video-preview":"max-video-preview:-1"},"canonical":"https:\/\/rvm1882.de\/index.php\/der_verein\/links\/","og_locale":"de_DE","og_type":"article","og_title":"Links - Ruderverein M\u00fcnster von 1882 e. V.","og_description":"Empfohlene Internet-Seiten rund um das Thema \u201eRudern\u201c, Pressebeitr\u00e4ge und Termine vom Ruderverein M\u00fcnster von 1882 e.V.","og_url":"https:\/\/rvm1882.de\/index.php\/der_verein\/links\/","og_site_name":"Ruderverein M\u00fcnster von 1882 e. V.","article_modified_time":"2021-03-18T10:21:45+00:00","twitter_card":"summary_large_image","twitter_misc":{"Gesch\u00e4tzte Lesezeit":"1\u00a0Minute"},"schema":{"@context":"https:\/\/schema.org","@graph":[{"@type":"WebPage","@id":"https:\/\/rvm1882.de\/index.php\/der_verein\/links\/","url":"https:\/\/rvm1882.de\/index.php\/der_verein\/links\/","name":"Links - Ruderverein M\u00fcnster von 1882 e. V.","isPartOf":{"@id":"https:\/\/rvm1882.de\/#website"},"datePublished":"2021-01-15T17:46:32+00:00","dateModified":"2021-03-18T10:21:45+00:00","description":"Empfohlene Internet-Seiten rund um das Thema \u201eRudern\u201c, Pressebeitr\u00e4ge und Termine vom Ruderverein M\u00fcnster von 1882 e.V.","breadcrumb":{"@id":"https:\/\/rvm1882.de\/index.php\/der_verein\/links\/#breadcrumb"},"inLanguage":"de","potentialAction":[{"@type":"ReadAction","target":["https:\/\/rvm1882.de\/index.php\/der_verein\/links\/"]}]},{"@type":"BreadcrumbList","@id":"https:\/\/rvm1882.de\/index.php\/der_verein\/links\/#breadcrumb","itemListElement":[{"@type":"ListItem","position":1,"name":"Home","item":"https:\/\/rvm1882.de\/"},{"@type":"ListItem","position":2,"name":"Der Verein","item":"https:\/\/rvm1882.de\/index.php\/der_verein\/"},{"@type":"ListItem","position":3,"name":"Links"}]},{"@type":"WebSite","@id":"https:\/\/rvm1882.de\/#website","url":"https:\/\/rvm1882.de\/","name":"Ruderverein M\u00fcnster von 1882 e. V.","description":"","publisher":{"@id":"https:\/\/rvm1882.de\/#organization"},"potentialAction":[{"@type":"SearchAction","target":{"@type":"EntryPoint","urlTemplate":"https:\/\/rvm1882.de\/?s={search_term_string}"},"query-input":"required name=search_term_string"}],"inLanguage":"de"},{"@type":"Organization","@id":"https:\/\/rvm1882.de\/#organization","name":"Ruderverein M\u00fcnster von 1882 e. V.","url":"https:\/\/rvm1882.de\/","logo":{"@type":"ImageObject","inLanguage":"de","@id":"https:\/\/rvm1882.de\/#\/schema\/logo\/image\/","url":"https:\/\/rvm1882.de\/wp-content\/uploads\/2021\/03\/RVM_1882_Logo-1-e1680243356993.png","contentUrl":"https:\/\/rvm1882.de\/wp-content\/uploads\/2021\/03\/RVM_1882_Logo-1-e1680243356993.png","width":500,"height":379,"caption":"Ruderverein M\u00fcnster von 1882 e. V."},"image":{"@id":"https:\/\/rvm1882.de\/#\/schema\/logo\/image\/"}}]}},"_links":{"self":[{"href":"https:\/\/rvm1882.de\/index.php\/wp-json\/wp\/v2\/pages\/1183"}],"collection":[{"href":"https:\/\/rvm1882.de\/index.php\/wp-json\/wp\/v2\/pages"}],"about":[{"href":"https:\/\/rvm1882.de\/index.php\/wp-json\/wp\/v2\/types\/page"}],"author":[{"embeddable":true,"href":"https:\/\/rvm1882.de\/index.php\/wp-json\/wp\/v2\/users\/2"}],"replies":[{"embeddable":true,"href":"https:\/\/rvm1882.de\/index.php\/wp-json\/wp\/v2\/comments?post=1183"}],"version-history":[{"count":2,"href":"https:\/\/rvm1882.de\/index.php\/wp-json\/wp\/v2\/pages\/1183\/revisions"}],"predecessor-version":[{"id":1187,"href":"https:\/\/rvm1882.de\/index.php\/wp-json\/wp\/v2\/pages\/1183\/revisions\/1187"}],"up":[{"embeddable":true,"href":"https:\/\/rvm1882.de\/index.php\/wp-json\/wp\/v2\/pages\/8"}],"wp:attachment":[{"href":"https:\/\/rvm1882.de\/index.php\/wp-json\/wp\/v2\/media?parent=1183"}],"curies":[{"name":"wp","href":"https:\/\/api.w.org\/{rel}","templated":true}]}}