{"id":748,"date":"2020-11-25T12:29:39","date_gmt":"2020-11-25T11:29:39","guid":{"rendered":"https:\/\/rvm1882.wp-hosting.dnl-computer.de\/?page_id=748"},"modified":"2026-03-08T17:10:58","modified_gmt":"2026-03-08T16:10:58","slug":"rudern","status":"publish","type":"page","link":"https:\/\/rvm1882.de\/index.php\/rudern\/","title":{"rendered":"Rudern in M\u00fcnster"},"content":{"rendered":"\n<h2 class=\"wp-block-heading has-text-align-center\">Ein Verein \u2013 <br>viele M\u00f6glichkeiten <br>Sport zu treiben.<\/h2>\n\n\n\n<p>Rudern geh\u00f6rt nicht nur zu den \u00e4ltesten, sondern auch zu den vielf\u00e4ltigsten Sportarten. Nirgends anders wird Teamf\u00e4higkeit, Zielstrebigkeit, Durchsetzungsverm\u00f6gen, Natur und Spa\u00df so verbunden wie im Rudern. Alleine im Einer oder zusammen mit Freunden im Zweier, Vierer oder Achter kannst du bei uns auf dem Kanal in M\u00fcnster rudern.<\/p>\n\n\n\n<h3 class=\"wp-block-heading has-text-align-center\">Unsere Angebote:<\/h3>\n\n\n\n<p class=\"has-text-align-center\"><a href=\"https:\/\/rvm1882.de\/index.php\/rudern\/wettkampf\/\"><strong>Wettkampf- und Leistungsrudern<\/strong><\/a><\/p>\n\n\n\n<p class=\"has-text-align-center\"><a href=\"https:\/\/rvm1882.de\/index.php\/rudern\/lernen\/\"><strong>Rudern f\u00fcr Kinder und Jugendliche<\/strong><\/a><\/p>\n\n\n\n<p class=\"has-text-align-center\"><a href=\"https:\/\/rvm1882.de\/index.php\/rudern\/freizeit\/\"><strong>Freizeitrudern f\u00fcr alle<\/strong><\/a><\/p>\n\n\n\n<div style=\"height:20px\" aria-hidden=\"true\" class=\"wp-block-spacer\"><\/div>\n\n\n\n<div class=\"wp-block-cover alignfull is-light\" style=\"min-height:430px;aspect-ratio:unset;\"><span aria-hidden=\"true\" class=\"wp-block-cover__background has-background-dim-30 has-background-dim\"><\/span><img loading=\"lazy\" decoding=\"async\" width=\"1980\" height=\"1320\" sizes=\"(max-width: 799px) 200vw,(max-width: 1980px) 100vw,1980px\" class=\"wp-block-cover__image-background wp-image-984\" src=\"https:\/\/rvm1882.de\/wp-content\/uploads\/2021\/01\/IMAG4914_web.jpg\" style=\"object-position:47% 38%\" data-object-fit=\"cover\" data-object-position=\"47% 38%\" srcset=\"https:\/\/rvm1882.de\/wp-content\/uploads\/2021\/01\/IMAG4914_web.jpg 1980w, https:\/\/rvm1882.de\/wp-content\/uploads\/2021\/01\/IMAG4914_web-300x200.jpg 300w, https:\/\/rvm1882.de\/wp-content\/uploads\/2021\/01\/IMAG4914_web-1024x683.jpg 1024w, https:\/\/rvm1882.de\/wp-content\/uploads\/2021\/01\/IMAG4914_web-768x512.jpg 768w, https:\/\/rvm1882.de\/wp-content\/uploads\/2021\/01\/IMAG4914_web-1536x1024.jpg 1536w, https:\/\/rvm1882.de\/wp-content\/uploads\/2021\/01\/IMAG4914_web-1200x800.jpg 1200w\" \/><div class=\"wp-block-cover__inner-container is-layout-flow wp-block-cover-is-layout-flow\">\n<p class=\"has-text-align-center has-large-font-size\"><\/p>\n<\/div><\/div>\n\n\n\n<h3 class=\"wp-block-heading\">Das Training im Rudern ist sehr vielseitig. Deshalb wird au\u00dfer Rudern noch viel mehr geboten.<\/h3>\n\n\n\n<h4 class=\"wp-block-heading\">Wanderfahrten<\/h4>\n\n\n\n<p>Der Ruderverein M\u00fcnster bietet mehrmals im Jahr mehrt\u00e4gige Wanderfahrten an, die teils offen f\u00fcr alle Vereinsmitglieder, teils f\u00fcr eine bestimmte Zielgruppe (z. B. nur Jugendliche oder nur Erwachsene) ausgeschrieben werden.<\/p>\n\n\n\n<p>Wer sich hierzu Anregungen holen m\u00f6chte oder wissen will, was eine Wanderfahrt eigentlich ausmacht, erh\u00e4lt n\u00e4here Infos per Newsletter (Anmeldung per Mail an: <a href=\"mailto:newsletter@rvm1882.de\"><strong>newsletter@rvm1882.de<\/strong><\/a>)  und findet hier die <a href=\"https:\/\/rvm1882.de\/index.php\/termine\/\">Vereinstermine.<\/a><\/p>\n\n\n\n<h4 class=\"wp-block-heading\">Kraft- und Ergometerraum<\/h4>\n\n\n\n<p>Der Ruderverein M\u00fcnster von 1882 bietet seinen Mitgliedern einen gro\u00dfen Kraftraum mit umfangreichen Trainingsger\u00e4ten und einen Ergometerraum mit einer Vielzahl von Concept 2-Ruderergometern und Spinning-Bikes. <\/p>\n\n\n\n<p>Im Wintertraining gibt es die M\u00f6glichkeit, am beliebten Hallentraining teilzunehmen. Alles f\u00fcr die Koordination, die Kondition, die Kraftausdauer oder einfach nur um Spass zu haben.<\/p>\n\n\n\n<p><strong>Hallentrainingstermine f\u00fcr das Wintertraining Info dazu bei <\/strong><a href=\"mailto:s.fuchs@rvm1882.de\" target=\"_blank\" rel=\"noreferrer noopener\"><strong>s.fuchs@rvm1882.de<\/strong><\/a>.<\/p>\n\n\n\n<p><\/p>\n","protected":false},"excerpt":{"rendered":"<p>Ein Verein \u2013 viele M\u00f6glichkeiten Sport zu treiben. Rudern geh\u00f6rt nicht nur zu den \u00e4ltesten, sondern auch zu den vielf\u00e4ltigsten Sportarten. Nirgends anders wird Teamf\u00e4higkeit, Zielstrebigkeit, Durchsetzungsverm\u00f6gen, Natur und Spa\u00df&hellip;<\/p>\n","protected":false},"author":2,"featured_media":161,"parent":0,"menu_order":0,"comment_status":"closed","ping_status":"closed","template":"templates\/template-cover.php","meta":{"_monsterinsights_skip_tracking":false,"_monsterinsights_sitenote_active":false,"_monsterinsights_sitenote_note":"","_monsterinsights_sitenote_category":0,"footnotes":""},"aioseo_notices":[],"yoast_head":"<!-- This site is optimized with the Yoast SEO plugin v22.6 - https:\/\/yoast.com\/wordpress\/plugins\/seo\/ -->\n<title>Rudern in M\u00fcnster - Ruderverein M\u00fcnster von 1882 e. V.<\/title>\n<meta name=\"description\" content=\"Wettkampfrudern, Leistungssport, Mastersrudern, Schulrudern, Wanderrudern, Ergometerrudern, Freizeitrudern, Hochschulrudern, Jugendausbildung\" \/>\n<meta name=\"robots\" content=\"index, follow, max-snippet:-1, max-image-preview:large, max-video-preview:-1\" \/>\n<link rel=\"canonical\" href=\"https:\/\/rvm1882.de\/index.php\/rudern\/\" \/>\n<meta property=\"og:locale\" content=\"de_DE\" \/>\n<meta property=\"og:type\" content=\"article\" \/>\n<meta property=\"og:title\" content=\"Rudern in M\u00fcnster - Ruderverein M\u00fcnster von 1882 e. V.\" \/>\n<meta property=\"og:description\" content=\"Wettkampfrudern, Leistungssport, Mastersrudern, Schulrudern, Wanderrudern, Ergometerrudern, Freizeitrudern, Hochschulrudern, Jugendausbildung\" \/>\n<meta property=\"og:url\" content=\"https:\/\/rvm1882.de\/index.php\/rudern\/\" \/>\n<meta property=\"og:site_name\" content=\"Ruderverein M\u00fcnster von 1882 e. V.\" \/>\n<meta property=\"article:modified_time\" content=\"2026-03-08T16:10:58+00:00\" \/>\n<meta property=\"og:image\" content=\"https:\/\/rvm1882.de\/wp-content\/uploads\/2020\/11\/Wedaz_Regattbahn.jpg\" \/>\n\t<meta property=\"og:image:width\" content=\"1440\" \/>\n\t<meta property=\"og:image:height\" content=\"936\" \/>\n\t<meta property=\"og:image:type\" content=\"image\/jpeg\" \/>\n<meta name=\"twitter:card\" content=\"summary_large_image\" \/>\n<meta name=\"twitter:label1\" content=\"Gesch\u00e4tzte Lesezeit\" \/>\n\t<meta name=\"twitter:data1\" content=\"2\u00a0Minuten\" \/>\n<script type=\"application\/ld+json\" class=\"yoast-schema-graph\">{\"@context\":\"https:\/\/schema.org\",\"@graph\":[{\"@type\":\"WebPage\",\"@id\":\"https:\/\/rvm1882.de\/index.php\/rudern\/\",\"url\":\"https:\/\/rvm1882.de\/index.php\/rudern\/\",\"name\":\"Rudern in M\u00fcnster - Ruderverein M\u00fcnster von 1882 e. V.\",\"isPartOf\":{\"@id\":\"https:\/\/rvm1882.de\/#website\"},\"primaryImageOfPage\":{\"@id\":\"https:\/\/rvm1882.de\/index.php\/rudern\/#primaryimage\"},\"image\":{\"@id\":\"https:\/\/rvm1882.de\/index.php\/rudern\/#primaryimage\"},\"thumbnailUrl\":\"https:\/\/rvm1882.de\/wp-content\/uploads\/2020\/11\/Wedaz_Regattbahn.jpg\",\"datePublished\":\"2020-11-25T11:29:39+00:00\",\"dateModified\":\"2026-03-08T16:10:58+00:00\",\"description\":\"Wettkampfrudern, Leistungssport, Mastersrudern, Schulrudern, Wanderrudern, Ergometerrudern, Freizeitrudern, Hochschulrudern, Jugendausbildung\",\"breadcrumb\":{\"@id\":\"https:\/\/rvm1882.de\/index.php\/rudern\/#breadcrumb\"},\"inLanguage\":\"de\",\"potentialAction\":[{\"@type\":\"ReadAction\",\"target\":[\"https:\/\/rvm1882.de\/index.php\/rudern\/\"]}]},{\"@type\":\"ImageObject\",\"inLanguage\":\"de\",\"@id\":\"https:\/\/rvm1882.de\/index.php\/rudern\/#primaryimage\",\"url\":\"https:\/\/rvm1882.de\/wp-content\/uploads\/2020\/11\/Wedaz_Regattbahn.jpg\",\"contentUrl\":\"https:\/\/rvm1882.de\/wp-content\/uploads\/2020\/11\/Wedaz_Regattbahn.jpg\",\"width\":1440,\"height\":936},{\"@type\":\"BreadcrumbList\",\"@id\":\"https:\/\/rvm1882.de\/index.php\/rudern\/#breadcrumb\",\"itemListElement\":[{\"@type\":\"ListItem\",\"position\":1,\"name\":\"Home\",\"item\":\"https:\/\/rvm1882.de\/\"},{\"@type\":\"ListItem\",\"position\":2,\"name\":\"Rudern in M\u00fcnster\"}]},{\"@type\":\"WebSite\",\"@id\":\"https:\/\/rvm1882.de\/#website\",\"url\":\"https:\/\/rvm1882.de\/\",\"name\":\"Ruderverein M\u00fcnster von 1882 e. V.\",\"description\":\"\",\"publisher\":{\"@id\":\"https:\/\/rvm1882.de\/#organization\"},\"potentialAction\":[{\"@type\":\"SearchAction\",\"target\":{\"@type\":\"EntryPoint\",\"urlTemplate\":\"https:\/\/rvm1882.de\/?s={search_term_string}\"},\"query-input\":\"required name=search_term_string\"}],\"inLanguage\":\"de\"},{\"@type\":\"Organization\",\"@id\":\"https:\/\/rvm1882.de\/#organization\",\"name\":\"Ruderverein M\u00fcnster von 1882 e. V.\",\"url\":\"https:\/\/rvm1882.de\/\",\"logo\":{\"@type\":\"ImageObject\",\"inLanguage\":\"de\",\"@id\":\"https:\/\/rvm1882.de\/#\/schema\/logo\/image\/\",\"url\":\"https:\/\/rvm1882.de\/wp-content\/uploads\/2021\/03\/RVM_1882_Logo-1-e1680243356993.png\",\"contentUrl\":\"https:\/\/rvm1882.de\/wp-content\/uploads\/2021\/03\/RVM_1882_Logo-1-e1680243356993.png\",\"width\":500,\"height\":379,\"caption\":\"Ruderverein M\u00fcnster von 1882 e. V.\"},\"image\":{\"@id\":\"https:\/\/rvm1882.de\/#\/schema\/logo\/image\/\"}}]}<\/script>\n<!-- \/ Yoast SEO plugin. -->","yoast_head_json":{"title":"Rudern in M\u00fcnster - Ruderverein M\u00fcnster von 1882 e. V.","description":"Wettkampfrudern, Leistungssport, Mastersrudern, Schulrudern, Wanderrudern, Ergometerrudern, Freizeitrudern, Hochschulrudern, Jugendausbildung","robots":{"index":"index","follow":"follow","max-snippet":"max-snippet:-1","max-image-preview":"max-image-preview:large","max-video-preview":"max-video-preview:-1"},"canonical":"https:\/\/rvm1882.de\/index.php\/rudern\/","og_locale":"de_DE","og_type":"article","og_title":"Rudern in M\u00fcnster - Ruderverein M\u00fcnster von 1882 e. V.","og_description":"Wettkampfrudern, Leistungssport, Mastersrudern, Schulrudern, Wanderrudern, Ergometerrudern, Freizeitrudern, Hochschulrudern, Jugendausbildung","og_url":"https:\/\/rvm1882.de\/index.php\/rudern\/","og_site_name":"Ruderverein M\u00fcnster von 1882 e. V.","article_modified_time":"2026-03-08T16:10:58+00:00","og_image":[{"width":1440,"height":936,"url":"https:\/\/rvm1882.de\/wp-content\/uploads\/2020\/11\/Wedaz_Regattbahn.jpg","type":"image\/jpeg"}],"twitter_card":"summary_large_image","twitter_misc":{"Gesch\u00e4tzte Lesezeit":"2\u00a0Minuten"},"schema":{"@context":"https:\/\/schema.org","@graph":[{"@type":"WebPage","@id":"https:\/\/rvm1882.de\/index.php\/rudern\/","url":"https:\/\/rvm1882.de\/index.php\/rudern\/","name":"Rudern in M\u00fcnster - Ruderverein M\u00fcnster von 1882 e. V.","isPartOf":{"@id":"https:\/\/rvm1882.de\/#website"},"primaryImageOfPage":{"@id":"https:\/\/rvm1882.de\/index.php\/rudern\/#primaryimage"},"image":{"@id":"https:\/\/rvm1882.de\/index.php\/rudern\/#primaryimage"},"thumbnailUrl":"https:\/\/rvm1882.de\/wp-content\/uploads\/2020\/11\/Wedaz_Regattbahn.jpg","datePublished":"2020-11-25T11:29:39+00:00","dateModified":"2026-03-08T16:10:58+00:00","description":"Wettkampfrudern, Leistungssport, Mastersrudern, Schulrudern, Wanderrudern, Ergometerrudern, Freizeitrudern, Hochschulrudern, Jugendausbildung","breadcrumb":{"@id":"https:\/\/rvm1882.de\/index.php\/rudern\/#breadcrumb"},"inLanguage":"de","potentialAction":[{"@type":"ReadAction","target":["https:\/\/rvm1882.de\/index.php\/rudern\/"]}]},{"@type":"ImageObject","inLanguage":"de","@id":"https:\/\/rvm1882.de\/index.php\/rudern\/#primaryimage","url":"https:\/\/rvm1882.de\/wp-content\/uploads\/2020\/11\/Wedaz_Regattbahn.jpg","contentUrl":"https:\/\/rvm1882.de\/wp-content\/uploads\/2020\/11\/Wedaz_Regattbahn.jpg","width":1440,"height":936},{"@type":"BreadcrumbList","@id":"https:\/\/rvm1882.de\/index.php\/rudern\/#breadcrumb","itemListElement":[{"@type":"ListItem","position":1,"name":"Home","item":"https:\/\/rvm1882.de\/"},{"@type":"ListItem","position":2,"name":"Rudern in M\u00fcnster"}]},{"@type":"WebSite","@id":"https:\/\/rvm1882.de\/#website","url":"https:\/\/rvm1882.de\/","name":"Ruderverein M\u00fcnster von 1882 e. V.","description":"","publisher":{"@id":"https:\/\/rvm1882.de\/#organization"},"potentialAction":[{"@type":"SearchAction","target":{"@type":"EntryPoint","urlTemplate":"https:\/\/rvm1882.de\/?s={search_term_string}"},"query-input":"required name=search_term_string"}],"inLanguage":"de"},{"@type":"Organization","@id":"https:\/\/rvm1882.de\/#organization","name":"Ruderverein M\u00fcnster von 1882 e. V.","url":"https:\/\/rvm1882.de\/","logo":{"@type":"ImageObject","inLanguage":"de","@id":"https:\/\/rvm1882.de\/#\/schema\/logo\/image\/","url":"https:\/\/rvm1882.de\/wp-content\/uploads\/2021\/03\/RVM_1882_Logo-1-e1680243356993.png","contentUrl":"https:\/\/rvm1882.de\/wp-content\/uploads\/2021\/03\/RVM_1882_Logo-1-e1680243356993.png","width":500,"height":379,"caption":"Ruderverein M\u00fcnster von 1882 e. V."},"image":{"@id":"https:\/\/rvm1882.de\/#\/schema\/logo\/image\/"}}]}},"_links":{"self":[{"href":"https:\/\/rvm1882.de\/index.php\/wp-json\/wp\/v2\/pages\/748"}],"collection":[{"href":"https:\/\/rvm1882.de\/index.php\/wp-json\/wp\/v2\/pages"}],"about":[{"href":"https:\/\/rvm1882.de\/index.php\/wp-json\/wp\/v2\/types\/page"}],"author":[{"embeddable":true,"href":"https:\/\/rvm1882.de\/index.php\/wp-json\/wp\/v2\/users\/2"}],"replies":[{"embeddable":true,"href":"https:\/\/rvm1882.de\/index.php\/wp-json\/wp\/v2\/comments?post=748"}],"version-history":[{"count":56,"href":"https:\/\/rvm1882.de\/index.php\/wp-json\/wp\/v2\/pages\/748\/revisions"}],"predecessor-version":[{"id":2229,"href":"https:\/\/rvm1882.de\/index.php\/wp-json\/wp\/v2\/pages\/748\/revisions\/2229"}],"wp:featuredmedia":[{"embeddable":true,"href":"https:\/\/rvm1882.de\/index.php\/wp-json\/wp\/v2\/media\/161"}],"wp:attachment":[{"href":"https:\/\/rvm1882.de\/index.php\/wp-json\/wp\/v2\/media?parent=748"}],"curies":[{"name":"wp","href":"https:\/\/api.w.org\/{rel}","templated":true}]}}