{"id":752,"date":"2020-11-25T12:30:52","date_gmt":"2020-11-25T11:30:52","guid":{"rendered":"https:\/\/rvm1882.wp-hosting.dnl-computer.de\/?page_id=752"},"modified":"2021-03-18T11:02:58","modified_gmt":"2021-03-18T10:02:58","slug":"lernen","status":"publish","type":"page","link":"https:\/\/rvm1882.de\/index.php\/rudern\/lernen\/","title":{"rendered":"Rudern f\u00fcr Kinder und Jugendliche"},"content":{"rendered":"\n<h2 class=\"has-text-align-center wp-block-heading\">Kraft und Ausdauer gewinnen, <br>Teamgeist erleben<\/h2>\n\n\n\n<p>Das optimale Einstiegsalter f\u00fcr Kinder und Jugendliche ist zwischen dem 12. und 14. Lebensjahr. Gern nehmen wir aber auch Quereinsteiger aus anderen Sportarten und auch \u00e4ltere Jugendliche in unser Training mit auf. J\u00fcngeren Kindern erm\u00f6glichen wir bei ausreichender K\u00f6rpergr\u00f6\u00dfe nat\u00fcrlich auch schon erste Erfahrungen im Ruderboot. Unsere J\u00fcngsten sind gerade mal 10 Jahre alt. Dabei kooperieren wir eng mit verschiedenen M\u00fcnsteraner Schulen. Sch\u00fcler haben die M\u00f6glichkeit im Rahmen von AG\u00b4s den Rudersport auszuprobieren und zu erlernen. Danebenbetreibt der Verein eine eigene Anf\u00e4ngerausbildung.<\/p>\n\n\n\n<figure class=\"wp-block-image size-large\"><img loading=\"lazy\" decoding=\"async\" width=\"1024\" height=\"768\" src=\"https:\/\/rvm1882.de\/wp-content\/uploads\/2021\/01\/IMAG1863_web-1-1024x768.jpg\" alt=\"\" class=\"wp-image-1113\" srcset=\"https:\/\/rvm1882.de\/wp-content\/uploads\/2021\/01\/IMAG1863_web-1-1024x768.jpg 1024w, https:\/\/rvm1882.de\/wp-content\/uploads\/2021\/01\/IMAG1863_web-1-300x225.jpg 300w, https:\/\/rvm1882.de\/wp-content\/uploads\/2021\/01\/IMAG1863_web-1-768x576.jpg 768w, https:\/\/rvm1882.de\/wp-content\/uploads\/2021\/01\/IMAG1863_web-1-1536x1152.jpg 1536w, https:\/\/rvm1882.de\/wp-content\/uploads\/2021\/01\/IMAG1863_web-1-1200x900.jpg 1200w, https:\/\/rvm1882.de\/wp-content\/uploads\/2021\/01\/IMAG1863_web-1.jpg 1980w\" sizes=\"(max-width: 1024px) 100vw, 1024px\" \/><\/figure>\n\n\n\n<p>Nach den ersten Erfahrungen auf dem Kanal besteht die M\u00f6glichkeit, beim Wettkampftraining mitzumachen. Als Tr\u00e4gerverein des <strong>\u201eLandesleistungsst\u00fctzpunktes Westfalen\u201c<\/strong> bieten wir unseren Athleten neben einem qualifizierten und erfahrenen Trainerteam einen gro\u00dfen Bootspark sowie eine umfassende Infrastruktur. So gibt es neben einem Kraftraum ebenfalls einen Ergometerraum sowie einen Raum f\u00fcr die \u00dcbermittagsbetreuung.<\/p>\n\n\n\n<div class=\"wp-block-cover alignfull\" style=\"background-image:url(https:\/\/rvm1882.de\/wp-content\/uploads\/2021\/01\/DSC_9147_web.jpg);min-height:680px;background-position:50% 34%;aspect-ratio:unset;\"><div class=\"wp-block-cover__inner-container is-layout-flow wp-block-cover-is-layout-flow\">\n<p class=\"has-text-align-center has-large-font-size\"><\/p>\n<\/div><\/div>\n\n\n\n<p>Aber auch der gesellige Teil kommt bei den Jugendlichen nicht zu kurz. Neben Veranstaltungen im eigenen Jugendraum des Vereins finden auch <strong>Ruderlager<\/strong> und <strong>Wanderfahrten<\/strong> sowie weitere au\u00dfersportliche Aktivit\u00e4ten statt.<\/p>\n\n\n\n<p>Informationen zu Einstiegsm\u00f6glichkeiten und Trainingszeiten h\u00e4lt unser Trainer Thorsten Kortmann bereit.<\/p>\n\n\n\n<div class=\"wp-block-group alignfull\"><div class=\"wp-block-group__inner-container is-layout-flow wp-block-group-is-layout-flow\">\n<h2 class=\"has-text-align-center wp-block-heading\">Kontakt<\/h2>\n\n\n\n<div class=\"wp-block-columns alignwide tw-justify-center tw-gutter-large has-text-align-center is-layout-flex wp-container-core-columns-is-layout-1 wp-block-columns-is-layout-flex\">\n<div class=\"wp-block-column is-layout-flow wp-block-column-is-layout-flow\">\n<div class=\"wp-block-image is-style-rounded\"><figure class=\"aligncenter size-large is-resized\"><img loading=\"lazy\" decoding=\"async\" src=\"https:\/\/rvm1882.de\/wp-content\/uploads\/2020\/11\/Kortmann_Thorsten_qua2.jpg\" alt=\"\" class=\"wp-image-700\" width=\"307\" height=\"307\" srcset=\"https:\/\/rvm1882.de\/wp-content\/uploads\/2020\/11\/Kortmann_Thorsten_qua2.jpg 825w, https:\/\/rvm1882.de\/wp-content\/uploads\/2020\/11\/Kortmann_Thorsten_qua2-300x300.jpg 300w, https:\/\/rvm1882.de\/wp-content\/uploads\/2020\/11\/Kortmann_Thorsten_qua2-150x150.jpg 150w, https:\/\/rvm1882.de\/wp-content\/uploads\/2020\/11\/Kortmann_Thorsten_qua2-768x768.jpg 768w\" sizes=\"(max-width: 307px) 100vw, 307px\" \/><\/figure><\/div>\n\n\n\n<h2 class=\"tw-mb-1 has-h-4-font-size wp-block-heading\">Thorsten Kortmann<\/h2>\n\n\n\n<h5 class=\"wp-block-heading\"><strong>Leitender Trainer<\/strong><\/h5>\n\n\n\n<p><a href=\"mailto:kortmann@rvm1882.de\">kortmann@rvm1882.de<\/a><\/p>\n<\/div>\n<\/div>\n<\/div><\/div>\n","protected":false},"excerpt":{"rendered":"<p>Kraft und Ausdauer gewinnen, Teamgeist erleben Das optimale Einstiegsalter f\u00fcr Kinder und Jugendliche ist zwischen dem 12. und 14. Lebensjahr. Gern nehmen wir aber auch Quereinsteiger aus anderen Sportarten und&hellip;<\/p>\n","protected":false},"author":2,"featured_media":419,"parent":748,"menu_order":0,"comment_status":"closed","ping_status":"closed","template":"","meta":{"_monsterinsights_skip_tracking":false,"_monsterinsights_sitenote_active":false,"_monsterinsights_sitenote_note":"","_monsterinsights_sitenote_category":0,"footnotes":""},"aioseo_notices":[],"yoast_head":"<!-- This site is optimized with the Yoast SEO plugin v22.6 - https:\/\/yoast.com\/wordpress\/plugins\/seo\/ -->\n<title>Rudern f\u00fcr Kinder und Jugendliche - Ruderverein M\u00fcnster von 1882 e. V.<\/title>\n<meta name=\"description\" content=\"Jugendausbildung und Talentf\u00f6rderung bei Ruderverein M\u00fcnster 1882. Das optimale Einstiegsalter ist zwischen dem 12. und 14. Lebensjahr.\" \/>\n<meta name=\"robots\" content=\"index, follow, max-snippet:-1, max-image-preview:large, max-video-preview:-1\" \/>\n<link rel=\"canonical\" href=\"https:\/\/rvm1882.de\/index.php\/rudern\/lernen\/\" \/>\n<meta property=\"og:locale\" content=\"de_DE\" \/>\n<meta property=\"og:type\" content=\"article\" \/>\n<meta property=\"og:title\" content=\"Rudern f\u00fcr Kinder und Jugendliche - Ruderverein M\u00fcnster von 1882 e. V.\" \/>\n<meta property=\"og:description\" content=\"Jugendausbildung und Talentf\u00f6rderung bei Ruderverein M\u00fcnster 1882. Das optimale Einstiegsalter ist zwischen dem 12. und 14. Lebensjahr.\" \/>\n<meta property=\"og:url\" content=\"https:\/\/rvm1882.de\/index.php\/rudern\/lernen\/\" \/>\n<meta property=\"og:site_name\" content=\"Ruderverein M\u00fcnster von 1882 e. V.\" \/>\n<meta property=\"article:modified_time\" content=\"2021-03-18T10:02:58+00:00\" \/>\n<meta property=\"og:image\" content=\"https:\/\/rvm1882.de\/wp-content\/uploads\/2020\/11\/120804737_1640661246093859_5998479761242916722_o.jpg\" \/>\n\t<meta property=\"og:image:width\" content=\"1440\" \/>\n\t<meta property=\"og:image:height\" content=\"959\" \/>\n\t<meta property=\"og:image:type\" content=\"image\/jpeg\" \/>\n<meta name=\"twitter:card\" content=\"summary_large_image\" \/>\n<meta name=\"twitter:label1\" content=\"Gesch\u00e4tzte Lesezeit\" \/>\n\t<meta name=\"twitter:data1\" content=\"1\u00a0Minute\" \/>\n<script type=\"application\/ld+json\" class=\"yoast-schema-graph\">{\"@context\":\"https:\/\/schema.org\",\"@graph\":[{\"@type\":\"WebPage\",\"@id\":\"https:\/\/rvm1882.de\/index.php\/rudern\/lernen\/\",\"url\":\"https:\/\/rvm1882.de\/index.php\/rudern\/lernen\/\",\"name\":\"Rudern f\u00fcr Kinder und Jugendliche - Ruderverein M\u00fcnster von 1882 e. V.\",\"isPartOf\":{\"@id\":\"https:\/\/rvm1882.de\/#website\"},\"primaryImageOfPage\":{\"@id\":\"https:\/\/rvm1882.de\/index.php\/rudern\/lernen\/#primaryimage\"},\"image\":{\"@id\":\"https:\/\/rvm1882.de\/index.php\/rudern\/lernen\/#primaryimage\"},\"thumbnailUrl\":\"https:\/\/rvm1882.de\/wp-content\/uploads\/2020\/11\/120804737_1640661246093859_5998479761242916722_o.jpg\",\"datePublished\":\"2020-11-25T11:30:52+00:00\",\"dateModified\":\"2021-03-18T10:02:58+00:00\",\"description\":\"Jugendausbildung und Talentf\u00f6rderung bei Ruderverein M\u00fcnster 1882. Das optimale Einstiegsalter ist zwischen dem 12. und 14. Lebensjahr.\",\"breadcrumb\":{\"@id\":\"https:\/\/rvm1882.de\/index.php\/rudern\/lernen\/#breadcrumb\"},\"inLanguage\":\"de\",\"potentialAction\":[{\"@type\":\"ReadAction\",\"target\":[\"https:\/\/rvm1882.de\/index.php\/rudern\/lernen\/\"]}]},{\"@type\":\"ImageObject\",\"inLanguage\":\"de\",\"@id\":\"https:\/\/rvm1882.de\/index.php\/rudern\/lernen\/#primaryimage\",\"url\":\"https:\/\/rvm1882.de\/wp-content\/uploads\/2020\/11\/120804737_1640661246093859_5998479761242916722_o.jpg\",\"contentUrl\":\"https:\/\/rvm1882.de\/wp-content\/uploads\/2020\/11\/120804737_1640661246093859_5998479761242916722_o.jpg\",\"width\":1440,\"height\":959},{\"@type\":\"BreadcrumbList\",\"@id\":\"https:\/\/rvm1882.de\/index.php\/rudern\/lernen\/#breadcrumb\",\"itemListElement\":[{\"@type\":\"ListItem\",\"position\":1,\"name\":\"Home\",\"item\":\"https:\/\/rvm1882.de\/\"},{\"@type\":\"ListItem\",\"position\":2,\"name\":\"Rudern in M\u00fcnster\",\"item\":\"https:\/\/rvm1882.de\/index.php\/rudern\/\"},{\"@type\":\"ListItem\",\"position\":3,\"name\":\"Rudern f\u00fcr Kinder und Jugendliche\"}]},{\"@type\":\"WebSite\",\"@id\":\"https:\/\/rvm1882.de\/#website\",\"url\":\"https:\/\/rvm1882.de\/\",\"name\":\"Ruderverein M\u00fcnster von 1882 e. V.\",\"description\":\"\",\"publisher\":{\"@id\":\"https:\/\/rvm1882.de\/#organization\"},\"potentialAction\":[{\"@type\":\"SearchAction\",\"target\":{\"@type\":\"EntryPoint\",\"urlTemplate\":\"https:\/\/rvm1882.de\/?s={search_term_string}\"},\"query-input\":\"required name=search_term_string\"}],\"inLanguage\":\"de\"},{\"@type\":\"Organization\",\"@id\":\"https:\/\/rvm1882.de\/#organization\",\"name\":\"Ruderverein M\u00fcnster von 1882 e. V.\",\"url\":\"https:\/\/rvm1882.de\/\",\"logo\":{\"@type\":\"ImageObject\",\"inLanguage\":\"de\",\"@id\":\"https:\/\/rvm1882.de\/#\/schema\/logo\/image\/\",\"url\":\"https:\/\/rvm1882.de\/wp-content\/uploads\/2021\/03\/RVM_1882_Logo-1-e1680243356993.png\",\"contentUrl\":\"https:\/\/rvm1882.de\/wp-content\/uploads\/2021\/03\/RVM_1882_Logo-1-e1680243356993.png\",\"width\":500,\"height\":379,\"caption\":\"Ruderverein M\u00fcnster von 1882 e. V.\"},\"image\":{\"@id\":\"https:\/\/rvm1882.de\/#\/schema\/logo\/image\/\"}}]}<\/script>\n<!-- \/ Yoast SEO plugin. -->","yoast_head_json":{"title":"Rudern f\u00fcr Kinder und Jugendliche - Ruderverein M\u00fcnster von 1882 e. V.","description":"Jugendausbildung und Talentf\u00f6rderung bei Ruderverein M\u00fcnster 1882. Das optimale Einstiegsalter ist zwischen dem 12. und 14. Lebensjahr.","robots":{"index":"index","follow":"follow","max-snippet":"max-snippet:-1","max-image-preview":"max-image-preview:large","max-video-preview":"max-video-preview:-1"},"canonical":"https:\/\/rvm1882.de\/index.php\/rudern\/lernen\/","og_locale":"de_DE","og_type":"article","og_title":"Rudern f\u00fcr Kinder und Jugendliche - Ruderverein M\u00fcnster von 1882 e. V.","og_description":"Jugendausbildung und Talentf\u00f6rderung bei Ruderverein M\u00fcnster 1882. Das optimale Einstiegsalter ist zwischen dem 12. und 14. Lebensjahr.","og_url":"https:\/\/rvm1882.de\/index.php\/rudern\/lernen\/","og_site_name":"Ruderverein M\u00fcnster von 1882 e. V.","article_modified_time":"2021-03-18T10:02:58+00:00","og_image":[{"width":1440,"height":959,"url":"https:\/\/rvm1882.de\/wp-content\/uploads\/2020\/11\/120804737_1640661246093859_5998479761242916722_o.jpg","type":"image\/jpeg"}],"twitter_card":"summary_large_image","twitter_misc":{"Gesch\u00e4tzte Lesezeit":"1\u00a0Minute"},"schema":{"@context":"https:\/\/schema.org","@graph":[{"@type":"WebPage","@id":"https:\/\/rvm1882.de\/index.php\/rudern\/lernen\/","url":"https:\/\/rvm1882.de\/index.php\/rudern\/lernen\/","name":"Rudern f\u00fcr Kinder und Jugendliche - Ruderverein M\u00fcnster von 1882 e. V.","isPartOf":{"@id":"https:\/\/rvm1882.de\/#website"},"primaryImageOfPage":{"@id":"https:\/\/rvm1882.de\/index.php\/rudern\/lernen\/#primaryimage"},"image":{"@id":"https:\/\/rvm1882.de\/index.php\/rudern\/lernen\/#primaryimage"},"thumbnailUrl":"https:\/\/rvm1882.de\/wp-content\/uploads\/2020\/11\/120804737_1640661246093859_5998479761242916722_o.jpg","datePublished":"2020-11-25T11:30:52+00:00","dateModified":"2021-03-18T10:02:58+00:00","description":"Jugendausbildung und Talentf\u00f6rderung bei Ruderverein M\u00fcnster 1882. Das optimale Einstiegsalter ist zwischen dem 12. und 14. Lebensjahr.","breadcrumb":{"@id":"https:\/\/rvm1882.de\/index.php\/rudern\/lernen\/#breadcrumb"},"inLanguage":"de","potentialAction":[{"@type":"ReadAction","target":["https:\/\/rvm1882.de\/index.php\/rudern\/lernen\/"]}]},{"@type":"ImageObject","inLanguage":"de","@id":"https:\/\/rvm1882.de\/index.php\/rudern\/lernen\/#primaryimage","url":"https:\/\/rvm1882.de\/wp-content\/uploads\/2020\/11\/120804737_1640661246093859_5998479761242916722_o.jpg","contentUrl":"https:\/\/rvm1882.de\/wp-content\/uploads\/2020\/11\/120804737_1640661246093859_5998479761242916722_o.jpg","width":1440,"height":959},{"@type":"BreadcrumbList","@id":"https:\/\/rvm1882.de\/index.php\/rudern\/lernen\/#breadcrumb","itemListElement":[{"@type":"ListItem","position":1,"name":"Home","item":"https:\/\/rvm1882.de\/"},{"@type":"ListItem","position":2,"name":"Rudern in M\u00fcnster","item":"https:\/\/rvm1882.de\/index.php\/rudern\/"},{"@type":"ListItem","position":3,"name":"Rudern f\u00fcr Kinder und Jugendliche"}]},{"@type":"WebSite","@id":"https:\/\/rvm1882.de\/#website","url":"https:\/\/rvm1882.de\/","name":"Ruderverein M\u00fcnster von 1882 e. V.","description":"","publisher":{"@id":"https:\/\/rvm1882.de\/#organization"},"potentialAction":[{"@type":"SearchAction","target":{"@type":"EntryPoint","urlTemplate":"https:\/\/rvm1882.de\/?s={search_term_string}"},"query-input":"required name=search_term_string"}],"inLanguage":"de"},{"@type":"Organization","@id":"https:\/\/rvm1882.de\/#organization","name":"Ruderverein M\u00fcnster von 1882 e. V.","url":"https:\/\/rvm1882.de\/","logo":{"@type":"ImageObject","inLanguage":"de","@id":"https:\/\/rvm1882.de\/#\/schema\/logo\/image\/","url":"https:\/\/rvm1882.de\/wp-content\/uploads\/2021\/03\/RVM_1882_Logo-1-e1680243356993.png","contentUrl":"https:\/\/rvm1882.de\/wp-content\/uploads\/2021\/03\/RVM_1882_Logo-1-e1680243356993.png","width":500,"height":379,"caption":"Ruderverein M\u00fcnster von 1882 e. V."},"image":{"@id":"https:\/\/rvm1882.de\/#\/schema\/logo\/image\/"}}]}},"_links":{"self":[{"href":"https:\/\/rvm1882.de\/index.php\/wp-json\/wp\/v2\/pages\/752"}],"collection":[{"href":"https:\/\/rvm1882.de\/index.php\/wp-json\/wp\/v2\/pages"}],"about":[{"href":"https:\/\/rvm1882.de\/index.php\/wp-json\/wp\/v2\/types\/page"}],"author":[{"embeddable":true,"href":"https:\/\/rvm1882.de\/index.php\/wp-json\/wp\/v2\/users\/2"}],"replies":[{"embeddable":true,"href":"https:\/\/rvm1882.de\/index.php\/wp-json\/wp\/v2\/comments?post=752"}],"version-history":[{"count":13,"href":"https:\/\/rvm1882.de\/index.php\/wp-json\/wp\/v2\/pages\/752\/revisions"}],"predecessor-version":[{"id":1596,"href":"https:\/\/rvm1882.de\/index.php\/wp-json\/wp\/v2\/pages\/752\/revisions\/1596"}],"up":[{"embeddable":true,"href":"https:\/\/rvm1882.de\/index.php\/wp-json\/wp\/v2\/pages\/748"}],"wp:featuredmedia":[{"embeddable":true,"href":"https:\/\/rvm1882.de\/index.php\/wp-json\/wp\/v2\/media\/419"}],"wp:attachment":[{"href":"https:\/\/rvm1882.de\/index.php\/wp-json\/wp\/v2\/media?parent=752"}],"curies":[{"name":"wp","href":"https:\/\/api.w.org\/{rel}","templated":true}]}}