{"id":754,"date":"2020-11-25T12:31:13","date_gmt":"2020-11-25T11:31:13","guid":{"rendered":"https:\/\/rvm1882.wp-hosting.dnl-computer.de\/?page_id=754"},"modified":"2021-03-18T11:08:51","modified_gmt":"2021-03-18T10:08:51","slug":"wettkampf","status":"publish","type":"page","link":"https:\/\/rvm1882.de\/index.php\/rudern\/wettkampf\/","title":{"rendered":"Wettkampf- und Leistungsrudern"},"content":{"rendered":"\n<h2 class=\"has-text-align-center wp-block-heading\">Der Wettkampf- und Leistungssport im Ruderverein M\u00fcnster hat viele Facetten<\/h2>\n\n\n\n<p>Seit fast 140 Jahren betreibt der Ruderverein M\u00fcnster Rudersport und ist die rudersportliche Heimat einer Vielzahl von kooperierenden Schulen. Die regelm\u00e4\u00dfige erfolgreiche Teilnahme an nationalen sowie internationalen Wettk\u00e4mpfen der M\u00fcnsteraner Ruderathletinnen, macht den Verein erfolgssportlich zu einem der renommiertesten der westf\u00e4lischen Domstadt. Die vielfach ausgezeichnete Jugendarbeit und Nachwuchsf\u00f6rderung hat Leitbildcharakter f\u00fcr Vereine des Deutschen Ruderverbandes eingenommen und st\u00e4rkt die sportliche Zukunft des RVM.&nbsp;<\/p>\n\n\n\n<p>Die Basis der Arbeit ist die breit aufgestellte Jugend- und Nachwuchsarbeit. M\u00e4dchen und Jungen haben die M\u00f6glichkeit im Rahmen der Anf\u00e4ngerausbildung oder einer Ruder AG in den Rudersport reinzuschnuppern. \u00dcber Talentsichtungs- und Trainingsgruppen bieten wir, neben einem breitensportlichen Programm, den Zugang zu rudersportlichen Wettk\u00e4mpfen auf unterschiedlichen Niveaustufen. Von Sch\u00fclerregatten \u00fcber Nachwuchsveranstaltungen bis hin zu nationalen und internationalen Meisterschaften ist der Verein die sportliche Heimat vieler junger Menschen.&nbsp;<\/p>\n\n\n\n<div style=\"height:30px\" aria-hidden=\"true\" class=\"wp-block-spacer\"><\/div>\n\n\n\n<div class=\"wp-block-cover alignfull has-primary-background-color\" style=\"background-image:url(https:\/\/rvm1882.de\/wp-content\/uploads\/2021\/01\/DSC_4243_web-1.jpg);min-height:370px;background-position:43% 66%;aspect-ratio:unset;\"><div class=\"wp-block-cover__inner-container is-layout-flow wp-block-cover-is-layout-flow\">\n<p class=\"has-text-align-center has-large-font-size\"><\/p>\n<\/div><\/div>\n\n\n\n<p><\/p>\n\n\n\n<h2 class=\"wp-block-heading\">Ruder-Bundesliga<\/h2>\n\n\n\n<p>Seit Gr\u00fcndung der Ruderbundesliga ist der Ruderverein M\u00fcnster stark vertreten. Bei den Frauen pflegte der RVM lange Zeit erfolgreich eine Kooperation mit dem St\u00fctzpunktpartner Bessel RC Minden. Bei den M\u00e4nnern rudert aktuell das Team M\u00fcnster-Achter in der ersten Liga. Diese Crew wird gemeinsam von Athleten des ARC M\u00fcnster und des RVM gebildet.<\/p>\n\n\n\n<p>Verfolgt die Auftritte des M\u00fcnster-Achter unter: <a rel=\"noreferrer noopener\" href=\"https:\/\/www.facebook.com\/muensterachter\/\" target=\"_blank\"><strong>www.facebook.com\/muensterachter<\/strong><\/a><\/p>\n\n\n\n<div style=\"height:30px\" aria-hidden=\"true\" class=\"wp-block-spacer\"><\/div>\n\n\n\n<div class=\"wp-block-cover alignfull\" style=\"background-image:url(https:\/\/rvm1882.de\/wp-content\/uploads\/2020\/12\/muenster_achter-1.jpg);min-height:450px;background-position:52% 50%;aspect-ratio:unset;\"><div class=\"wp-block-cover__inner-container is-layout-flow wp-block-cover-is-layout-flow\">\n<p class=\"has-text-align-center has-large-font-size\"><\/p>\n<\/div><\/div>\n\n\n\n<h2 class=\"wp-block-heading\">Masters Rudern<\/h2>\n\n\n\n<p>Seit ein paar Jahren hat sich eine schlagkr\u00e4ftige Gruppe von Masters-Ruderinnen und Ruderern der Altersklassen B-D im RVM zusammen gefunden. Wir trainieren regelm\u00e4\u00dfig gemeinsam und fahren auf Regatten. Mittlerweile hat sich ein regelm\u00e4\u00dfiger Trainingsrhythmus etabliert, wobei es unser Ziel ist, 3-4 Mal die Woche zu trainieren. Am Wochenende steht das Training auf dem Wasser im Vierer und Zweier im Vordergrund, dazu kommen dann noch individuelle oder gemeinsame Einheiten auf dem Ergo, im Kraftraum oder beim Laufen \u2013 je nach Neigung und Zeit.<\/p>\n\n\n\n<p>Um dem Training ein Ziel zu geben nehmen wir regelm\u00e4\u00dfig an Regatten teil. Fester Bestandteil unseres Regatta-Kalenders ist nat\u00fcrlich die Aasee-Regatta in M\u00fcnster. Wir starten auch auf der Hummelregatta in Hamburg, auf den German Masters Open, sowie bei den World Masters. Zus\u00e4tzlich besuchen wir noch die ein oder andere Langstreckenregatta im Herbst.<\/p>\n\n\n\n<p>Bei den Regatten starten die Masters-Ruderinnen im Doppelvierer und Achter, zum Teil mit tatkr\u00e4ftiger Unterst\u00fctzung durch Ruderpartnerinnen aus L\u00fcbeck, Minden, Bochum und Emscher Wanne-Eickel-Herten. Die Masters-Ruderer starten im Vierer-mit und Achter mit Ruderkameraden aus Hamm.<\/p>\n\n\n\n<p>Motivierte und engagierte Masters-Ruderinnen und -Ruderer, die gerne regelm\u00e4\u00dfig trainieren und an Regatten teilnehmen m\u00f6chten, k\u00f6nnen sich gerne unter masters@rvm1882.de an uns wenden \u2013 wir suchen immer Mitstreiterinnen und Mitstreiter.<\/p>\n\n\n\n<h4 class=\"wp-block-heading\">Wer ist Masterruderer?&nbsp;<\/h4>\n\n\n\n<p><strong>Erkl\u00e4rungen die Altersklasseneinteilung:<\/strong><\/p>\n\n\n\n<p>Bei den Masters gibt es verschiedene Altersklassen (AK), die sich aufgrund des Mindestdurchschnittsalters (MDA) einer Mannschaft ergeben:<\/p>\n\n\n\n<p class=\"has-accent-color has-text-color\"><strong>Masters A = MDA 27 Jahre,<br>Masters B = MDA 36 Jahre,<br>Masters C = MDA 43 Jahre,<br>Masters D = MDA 50 Jahre,<br>danach geht es in 5 Jahresschritten nach oben, bis zu Masters J = MDA 80 Jahre oder weiter\u2026<\/strong><\/p>\n\n\n\n<p>Das Alter des einzelnen Ruderers spielt dabei eine untergeordnete Rolle. Auf diese Weise bekommt Alter eine ganz neue Dimension und \u201calte\u201c Ruderer stehen hoch im Kurs!<\/p>\n\n\n\n<p>Mannschaften d\u00fcrfen jederzeit in j\u00fcngeren Altersklassen starten, was aus taktischen Gr\u00fcnden ganz sinnvoll sein kann, da oftmals in den Altersklassen A oder B weniger Konkurrenz herrscht, als in den Altersklassen C oder D, die erfahrungsgem\u00e4\u00df die gr\u00f6\u00dften Starterfelder aufweisen.<\/p>\n\n\n\n<div class=\"wp-block-group alignfull\"><div class=\"wp-block-group__inner-container is-layout-flow wp-block-group-is-layout-flow\">\n<h2 class=\"has-text-align-center wp-block-heading\">Kontakt<\/h2>\n\n\n\n<div class=\"wp-block-columns alignwide tw-justify-center tw-gutter-large has-text-align-center is-layout-flex wp-container-core-columns-is-layout-1 wp-block-columns-is-layout-flex\">\n<div class=\"wp-block-column is-layout-flow wp-block-column-is-layout-flow\">\n<div class=\"wp-block-image is-style-rounded\"><figure class=\"aligncenter size-large is-resized\"><img loading=\"lazy\" decoding=\"async\" src=\"https:\/\/rvm1882.de\/wp-content\/uploads\/2020\/11\/Kortmann_Thorsten_qua2.jpg\" alt=\"\" class=\"wp-image-700\" width=\"302\" height=\"302\" srcset=\"https:\/\/rvm1882.de\/wp-content\/uploads\/2020\/11\/Kortmann_Thorsten_qua2.jpg 825w, https:\/\/rvm1882.de\/wp-content\/uploads\/2020\/11\/Kortmann_Thorsten_qua2-300x300.jpg 300w, https:\/\/rvm1882.de\/wp-content\/uploads\/2020\/11\/Kortmann_Thorsten_qua2-150x150.jpg 150w, https:\/\/rvm1882.de\/wp-content\/uploads\/2020\/11\/Kortmann_Thorsten_qua2-768x768.jpg 768w\" sizes=\"(max-width: 302px) 100vw, 302px\" \/><\/figure><\/div>\n\n\n\n<h4 class=\"wp-block-heading\">Thorsten Kortmann <\/h4>\n\n\n\n<h5 class=\"wp-block-heading\">Leitender Trainer<\/h5>\n\n\n\n<p>Telefon 0251 1345329<br><a href=\"mailto:kortmann@rvm1882.de\">kortmann@rvm1882.de<\/a><\/p>\n<\/div>\n<\/div>\n<\/div><\/div>\n","protected":false},"excerpt":{"rendered":"<p>Der Wettkampf- und Leistungssport im Ruderverein M\u00fcnster hat viele Facetten Seit fast 140 Jahren betreibt der Ruderverein M\u00fcnster Rudersport und ist die rudersportliche Heimat einer Vielzahl von kooperierenden Schulen. Die&hellip;<\/p>\n","protected":false},"author":2,"featured_media":1133,"parent":748,"menu_order":0,"comment_status":"closed","ping_status":"closed","template":"","meta":{"_monsterinsights_skip_tracking":false,"_monsterinsights_sitenote_active":false,"_monsterinsights_sitenote_note":"","_monsterinsights_sitenote_category":0,"footnotes":""},"aioseo_notices":[],"yoast_head":"<!-- This site is optimized with the Yoast SEO plugin v22.6 - https:\/\/yoast.com\/wordpress\/plugins\/seo\/ -->\n<title>Wettkampf- und Leistungsrudern - Ruderverein M\u00fcnster von 1882 e. V.<\/title>\n<meta name=\"description\" content=\"Wettkampfrudern, Leistungssport, Ruder-Bundesliga, Masters Rudern, Hochschulrudern, Talentsichtung in M\u00fcnster in Westfalen\" \/>\n<meta name=\"robots\" content=\"index, follow, max-snippet:-1, max-image-preview:large, max-video-preview:-1\" \/>\n<link rel=\"canonical\" href=\"https:\/\/rvm1882.de\/index.php\/rudern\/wettkampf\/\" \/>\n<meta property=\"og:locale\" content=\"de_DE\" \/>\n<meta property=\"og:type\" content=\"article\" \/>\n<meta property=\"og:title\" content=\"Wettkampf- und Leistungsrudern - Ruderverein M\u00fcnster von 1882 e. V.\" \/>\n<meta property=\"og:description\" content=\"Wettkampfrudern, Leistungssport, Ruder-Bundesliga, Masters Rudern, Hochschulrudern, Talentsichtung in M\u00fcnster in Westfalen\" \/>\n<meta property=\"og:url\" content=\"https:\/\/rvm1882.de\/index.php\/rudern\/wettkampf\/\" \/>\n<meta property=\"og:site_name\" content=\"Ruderverein M\u00fcnster von 1882 e. V.\" \/>\n<meta property=\"article:modified_time\" content=\"2021-03-18T10:08:51+00:00\" \/>\n<meta property=\"og:image\" content=\"https:\/\/rvm1882.de\/wp-content\/uploads\/2021\/01\/ratzeburg_24_k_web-1.jpg\" \/>\n\t<meta property=\"og:image:width\" content=\"1980\" \/>\n\t<meta property=\"og:image:height\" content=\"1284\" \/>\n\t<meta property=\"og:image:type\" content=\"image\/jpeg\" \/>\n<meta name=\"twitter:card\" content=\"summary_large_image\" \/>\n<meta name=\"twitter:label1\" content=\"Gesch\u00e4tzte Lesezeit\" \/>\n\t<meta name=\"twitter:data1\" content=\"3\u00a0Minuten\" \/>\n<script type=\"application\/ld+json\" class=\"yoast-schema-graph\">{\"@context\":\"https:\/\/schema.org\",\"@graph\":[{\"@type\":\"WebPage\",\"@id\":\"https:\/\/rvm1882.de\/index.php\/rudern\/wettkampf\/\",\"url\":\"https:\/\/rvm1882.de\/index.php\/rudern\/wettkampf\/\",\"name\":\"Wettkampf- und Leistungsrudern - Ruderverein M\u00fcnster von 1882 e. V.\",\"isPartOf\":{\"@id\":\"https:\/\/rvm1882.de\/#website\"},\"primaryImageOfPage\":{\"@id\":\"https:\/\/rvm1882.de\/index.php\/rudern\/wettkampf\/#primaryimage\"},\"image\":{\"@id\":\"https:\/\/rvm1882.de\/index.php\/rudern\/wettkampf\/#primaryimage\"},\"thumbnailUrl\":\"https:\/\/rvm1882.de\/wp-content\/uploads\/2021\/01\/ratzeburg_24_k_web-1.jpg\",\"datePublished\":\"2020-11-25T11:31:13+00:00\",\"dateModified\":\"2021-03-18T10:08:51+00:00\",\"description\":\"Wettkampfrudern, Leistungssport, Ruder-Bundesliga, Masters Rudern, Hochschulrudern, Talentsichtung in M\u00fcnster in Westfalen\",\"breadcrumb\":{\"@id\":\"https:\/\/rvm1882.de\/index.php\/rudern\/wettkampf\/#breadcrumb\"},\"inLanguage\":\"de\",\"potentialAction\":[{\"@type\":\"ReadAction\",\"target\":[\"https:\/\/rvm1882.de\/index.php\/rudern\/wettkampf\/\"]}]},{\"@type\":\"ImageObject\",\"inLanguage\":\"de\",\"@id\":\"https:\/\/rvm1882.de\/index.php\/rudern\/wettkampf\/#primaryimage\",\"url\":\"https:\/\/rvm1882.de\/wp-content\/uploads\/2021\/01\/ratzeburg_24_k_web-1.jpg\",\"contentUrl\":\"https:\/\/rvm1882.de\/wp-content\/uploads\/2021\/01\/ratzeburg_24_k_web-1.jpg\",\"width\":1980,\"height\":1284},{\"@type\":\"BreadcrumbList\",\"@id\":\"https:\/\/rvm1882.de\/index.php\/rudern\/wettkampf\/#breadcrumb\",\"itemListElement\":[{\"@type\":\"ListItem\",\"position\":1,\"name\":\"Home\",\"item\":\"https:\/\/rvm1882.de\/\"},{\"@type\":\"ListItem\",\"position\":2,\"name\":\"Rudern in M\u00fcnster\",\"item\":\"https:\/\/rvm1882.de\/index.php\/rudern\/\"},{\"@type\":\"ListItem\",\"position\":3,\"name\":\"Wettkampf- und Leistungsrudern\"}]},{\"@type\":\"WebSite\",\"@id\":\"https:\/\/rvm1882.de\/#website\",\"url\":\"https:\/\/rvm1882.de\/\",\"name\":\"Ruderverein M\u00fcnster von 1882 e. V.\",\"description\":\"\",\"publisher\":{\"@id\":\"https:\/\/rvm1882.de\/#organization\"},\"potentialAction\":[{\"@type\":\"SearchAction\",\"target\":{\"@type\":\"EntryPoint\",\"urlTemplate\":\"https:\/\/rvm1882.de\/?s={search_term_string}\"},\"query-input\":\"required name=search_term_string\"}],\"inLanguage\":\"de\"},{\"@type\":\"Organization\",\"@id\":\"https:\/\/rvm1882.de\/#organization\",\"name\":\"Ruderverein M\u00fcnster von 1882 e. V.\",\"url\":\"https:\/\/rvm1882.de\/\",\"logo\":{\"@type\":\"ImageObject\",\"inLanguage\":\"de\",\"@id\":\"https:\/\/rvm1882.de\/#\/schema\/logo\/image\/\",\"url\":\"https:\/\/rvm1882.de\/wp-content\/uploads\/2021\/03\/RVM_1882_Logo-1-e1680243356993.png\",\"contentUrl\":\"https:\/\/rvm1882.de\/wp-content\/uploads\/2021\/03\/RVM_1882_Logo-1-e1680243356993.png\",\"width\":500,\"height\":379,\"caption\":\"Ruderverein M\u00fcnster von 1882 e. V.\"},\"image\":{\"@id\":\"https:\/\/rvm1882.de\/#\/schema\/logo\/image\/\"}}]}<\/script>\n<!-- \/ Yoast SEO plugin. -->","yoast_head_json":{"title":"Wettkampf- und Leistungsrudern - Ruderverein M\u00fcnster von 1882 e. V.","description":"Wettkampfrudern, Leistungssport, Ruder-Bundesliga, Masters Rudern, Hochschulrudern, Talentsichtung in M\u00fcnster in Westfalen","robots":{"index":"index","follow":"follow","max-snippet":"max-snippet:-1","max-image-preview":"max-image-preview:large","max-video-preview":"max-video-preview:-1"},"canonical":"https:\/\/rvm1882.de\/index.php\/rudern\/wettkampf\/","og_locale":"de_DE","og_type":"article","og_title":"Wettkampf- und Leistungsrudern - Ruderverein M\u00fcnster von 1882 e. V.","og_description":"Wettkampfrudern, Leistungssport, Ruder-Bundesliga, Masters Rudern, Hochschulrudern, Talentsichtung in M\u00fcnster in Westfalen","og_url":"https:\/\/rvm1882.de\/index.php\/rudern\/wettkampf\/","og_site_name":"Ruderverein M\u00fcnster von 1882 e. V.","article_modified_time":"2021-03-18T10:08:51+00:00","og_image":[{"width":1980,"height":1284,"url":"https:\/\/rvm1882.de\/wp-content\/uploads\/2021\/01\/ratzeburg_24_k_web-1.jpg","type":"image\/jpeg"}],"twitter_card":"summary_large_image","twitter_misc":{"Gesch\u00e4tzte Lesezeit":"3\u00a0Minuten"},"schema":{"@context":"https:\/\/schema.org","@graph":[{"@type":"WebPage","@id":"https:\/\/rvm1882.de\/index.php\/rudern\/wettkampf\/","url":"https:\/\/rvm1882.de\/index.php\/rudern\/wettkampf\/","name":"Wettkampf- und Leistungsrudern - Ruderverein M\u00fcnster von 1882 e. V.","isPartOf":{"@id":"https:\/\/rvm1882.de\/#website"},"primaryImageOfPage":{"@id":"https:\/\/rvm1882.de\/index.php\/rudern\/wettkampf\/#primaryimage"},"image":{"@id":"https:\/\/rvm1882.de\/index.php\/rudern\/wettkampf\/#primaryimage"},"thumbnailUrl":"https:\/\/rvm1882.de\/wp-content\/uploads\/2021\/01\/ratzeburg_24_k_web-1.jpg","datePublished":"2020-11-25T11:31:13+00:00","dateModified":"2021-03-18T10:08:51+00:00","description":"Wettkampfrudern, Leistungssport, Ruder-Bundesliga, Masters Rudern, Hochschulrudern, Talentsichtung in M\u00fcnster in Westfalen","breadcrumb":{"@id":"https:\/\/rvm1882.de\/index.php\/rudern\/wettkampf\/#breadcrumb"},"inLanguage":"de","potentialAction":[{"@type":"ReadAction","target":["https:\/\/rvm1882.de\/index.php\/rudern\/wettkampf\/"]}]},{"@type":"ImageObject","inLanguage":"de","@id":"https:\/\/rvm1882.de\/index.php\/rudern\/wettkampf\/#primaryimage","url":"https:\/\/rvm1882.de\/wp-content\/uploads\/2021\/01\/ratzeburg_24_k_web-1.jpg","contentUrl":"https:\/\/rvm1882.de\/wp-content\/uploads\/2021\/01\/ratzeburg_24_k_web-1.jpg","width":1980,"height":1284},{"@type":"BreadcrumbList","@id":"https:\/\/rvm1882.de\/index.php\/rudern\/wettkampf\/#breadcrumb","itemListElement":[{"@type":"ListItem","position":1,"name":"Home","item":"https:\/\/rvm1882.de\/"},{"@type":"ListItem","position":2,"name":"Rudern in M\u00fcnster","item":"https:\/\/rvm1882.de\/index.php\/rudern\/"},{"@type":"ListItem","position":3,"name":"Wettkampf- und Leistungsrudern"}]},{"@type":"WebSite","@id":"https:\/\/rvm1882.de\/#website","url":"https:\/\/rvm1882.de\/","name":"Ruderverein M\u00fcnster von 1882 e. V.","description":"","publisher":{"@id":"https:\/\/rvm1882.de\/#organization"},"potentialAction":[{"@type":"SearchAction","target":{"@type":"EntryPoint","urlTemplate":"https:\/\/rvm1882.de\/?s={search_term_string}"},"query-input":"required name=search_term_string"}],"inLanguage":"de"},{"@type":"Organization","@id":"https:\/\/rvm1882.de\/#organization","name":"Ruderverein M\u00fcnster von 1882 e. V.","url":"https:\/\/rvm1882.de\/","logo":{"@type":"ImageObject","inLanguage":"de","@id":"https:\/\/rvm1882.de\/#\/schema\/logo\/image\/","url":"https:\/\/rvm1882.de\/wp-content\/uploads\/2021\/03\/RVM_1882_Logo-1-e1680243356993.png","contentUrl":"https:\/\/rvm1882.de\/wp-content\/uploads\/2021\/03\/RVM_1882_Logo-1-e1680243356993.png","width":500,"height":379,"caption":"Ruderverein M\u00fcnster von 1882 e. V."},"image":{"@id":"https:\/\/rvm1882.de\/#\/schema\/logo\/image\/"}}]}},"_links":{"self":[{"href":"https:\/\/rvm1882.de\/index.php\/wp-json\/wp\/v2\/pages\/754"}],"collection":[{"href":"https:\/\/rvm1882.de\/index.php\/wp-json\/wp\/v2\/pages"}],"about":[{"href":"https:\/\/rvm1882.de\/index.php\/wp-json\/wp\/v2\/types\/page"}],"author":[{"embeddable":true,"href":"https:\/\/rvm1882.de\/index.php\/wp-json\/wp\/v2\/users\/2"}],"replies":[{"embeddable":true,"href":"https:\/\/rvm1882.de\/index.php\/wp-json\/wp\/v2\/comments?post=754"}],"version-history":[{"count":19,"href":"https:\/\/rvm1882.de\/index.php\/wp-json\/wp\/v2\/pages\/754\/revisions"}],"predecessor-version":[{"id":1598,"href":"https:\/\/rvm1882.de\/index.php\/wp-json\/wp\/v2\/pages\/754\/revisions\/1598"}],"up":[{"embeddable":true,"href":"https:\/\/rvm1882.de\/index.php\/wp-json\/wp\/v2\/pages\/748"}],"wp:featuredmedia":[{"embeddable":true,"href":"https:\/\/rvm1882.de\/index.php\/wp-json\/wp\/v2\/media\/1133"}],"wp:attachment":[{"href":"https:\/\/rvm1882.de\/index.php\/wp-json\/wp\/v2\/media?parent=754"}],"curies":[{"name":"wp","href":"https:\/\/api.w.org\/{rel}","templated":true}]}}