{"id":8,"date":"2020-11-13T09:18:45","date_gmt":"2020-11-13T08:18:45","guid":{"rendered":"https:\/\/rvm1882.wp-hosting.dnl-computer.de\/?page_id=8"},"modified":"2023-01-08T15:53:04","modified_gmt":"2023-01-08T14:53:04","slug":"der_verein","status":"publish","type":"page","link":"https:\/\/rvm1882.de\/index.php\/der_verein\/","title":{"rendered":"Der Verein"},"content":{"rendered":"\n<h2 class=\"wp-block-heading\"><strong>Der Ruderverein M\u00fcnster von 1882 e.V. <\/strong><\/h2>\n\n\n\n<p class=\"has-drop-cap\">Seit mehr als 140 Jahren betreiben wir den Rudersport in M\u00fcnster. Damit sind wir einer der \u00e4ltesten und gr\u00f6\u00dften Rudervereine der Region. Als 21 M\u00fcnsteraner im Jahre 1882 den \u201eRegattaverein M\u00fcnster\u201c gr\u00fcndeten, der ein Jahr sp\u00e4ter in \u201eRuderverein M\u00fcnster von 1882\u201c umbenannt wurde, ahnten die jungen Wassersportler nicht, dass sie einen der erfolgreichsten Vereine der Stadt aus der Taufe hoben.<\/p>\n\n\n\n<p>Gut 140 Jahre sp\u00e4ter ist der RVM mit etwa 450 Mitgliedern der gr\u00f6\u00dfte Ruderclub der Region und zugleich seit fast 20 Jahren einer der drei Tr\u00e4gervereine des Landesleistungsst\u00fctzpunktes Westfalen. Eine lange Tradition hat nicht nur der Rudersport insgesamt im Vereinsondern, sondern ist schon immer ein Treffpunkt f\u00fcr alle Altersgruppen. Dass Jung und Alt erfolgreich gemeinsam Sport treiben, zeigt sich auch darin, dass vor einiger Zeit unsere Jugendabteilung ihr 100-j\u00e4hriges Bestehen feiern konnte.<\/p>\n\n\n\n<div style=\"height:26px\" aria-hidden=\"true\" class=\"wp-block-spacer\"><\/div>\n\n\n\n<div class=\"wp-block-cover alignfull is-light is-position-center-center\" style=\"min-height:400px;aspect-ratio:unset;\"><span aria-hidden=\"true\" class=\"wp-block-cover__background has-background-dim-20 has-background-dim\"><\/span><img loading=\"lazy\" decoding=\"async\" width=\"800\" height=\"589\" sizes=\"(max-width: 799px) 200vw,(max-width: 800px) 100vw,800px\" class=\"wp-block-cover__image-background wp-image-222\" src=\"https:\/\/rvm1882.de\/wp-content\/uploads\/2020\/11\/36Achter1926_k.jpg\" style=\"object-position:50% 53%\" data-object-fit=\"cover\" data-object-position=\"50% 53%\" srcset=\"https:\/\/rvm1882.de\/wp-content\/uploads\/2020\/11\/36Achter1926_k.jpg 800w, https:\/\/rvm1882.de\/wp-content\/uploads\/2020\/11\/36Achter1926_k-300x221.jpg 300w, https:\/\/rvm1882.de\/wp-content\/uploads\/2020\/11\/36Achter1926_k-768x565.jpg 768w\" \/><div class=\"wp-block-cover__inner-container is-layout-flow wp-block-cover-is-layout-flow\">\n<h3 class=\"has-text-align-center wp-block-heading\"><strong>1926<\/strong><\/h3>\n\n\n\n<p><\/p>\n<\/div><\/div>\n\n\n\n<div class=\"wp-block-group alignfull has-primary-background-color has-background\"><div class=\"wp-block-group__inner-container is-layout-flow wp-block-group-is-layout-flow\">\n<p>Der Ruderverein M\u00fcnster von 1882 \u2013 das sind die Menschen, die sich in ihm auf vielf\u00e4ltige Weise engagieren. Dieses breite Engagement ist die Basis f\u00fcr den sportlichen Erfolg. Diese Basis stimmt beim RVM, wie die zahlreichen Deutschen Meistertitel, Weltmeister- und olympischen Medaillen, die unsere Ruderinnen und Ruderer gewonnen haben, eindrucksvoll belegen. Ein gro\u00dfes Augenmerk legen wir auf die Talentf\u00f6rderung. Sie beginnt am Heimatort im Verein und wird durch zahlreiche Kooperationen mit m\u00fcnsteraner Schulen unterst\u00fctzt und gef\u00f6rdert. Dass dieses Modell erfolgreich ist, zeigen unsere Ruderinnen und Ruderer durch ihre Erfolge auf Regatten in ganz Deutschland. Betreut werden die jungen Athleten von unseren erfahrenen Trainern.<\/p>\n\n\n\n<p>Aber Leistungssport ist noch lange nicht alles, wovon dieser Verein lebt. Rudern als Breitensport &#8211; gemeinsam mit den den Partnerschulen und -hochschulen &#8211; erfreut sich gro\u00dfer Beliebtheit. Und das nicht ohne Grund: Rudern trainiert Herz und Kreislauf, f\u00f6rdert Kraft und Ausdauer. Nahezu alle Muskeln werden gefordert. Rudern geh\u00f6rt zu den beliebtesten Freiluftsportarten, weil man dabei den ganzen K\u00f6rper trainiert. Ausdauer und Kraft, Spannung und Entspannung. Alleine rudern. Mit anderen. Rudern, das ist Bewegung in Vielfalt.<\/p>\n<\/div><\/div>\n\n\n\n<div class=\"wp-block-cover alignfull is-style-tw-shadow\" style=\"min-height:430px;aspect-ratio:unset;\"><span aria-hidden=\"true\" class=\"wp-block-cover__background has-background-background-color has-background-dim-0 has-background-dim\"><\/span><img loading=\"lazy\" decoding=\"async\" width=\"2002\" height=\"550\" sizes=\"(max-width: 799px) 200vw,(max-width: 2002px) 100vw,2002px\" class=\"wp-block-cover__image-background wp-image-270\" src=\"https:\/\/rvm1882.de\/wp-content\/uploads\/2020\/11\/brummel-ditzel-4-kln.jpg\" data-object-fit=\"cover\" srcset=\"https:\/\/rvm1882.de\/wp-content\/uploads\/2020\/11\/brummel-ditzel-4-kln.jpg 2002w, https:\/\/rvm1882.de\/wp-content\/uploads\/2020\/11\/brummel-ditzel-4-kln-300x82.jpg 300w, https:\/\/rvm1882.de\/wp-content\/uploads\/2020\/11\/brummel-ditzel-4-kln-1024x281.jpg 1024w, https:\/\/rvm1882.de\/wp-content\/uploads\/2020\/11\/brummel-ditzel-4-kln-768x211.jpg 768w, https:\/\/rvm1882.de\/wp-content\/uploads\/2020\/11\/brummel-ditzel-4-kln-1536x422.jpg 1536w, https:\/\/rvm1882.de\/wp-content\/uploads\/2020\/11\/brummel-ditzel-4-kln-1200x330.jpg 1200w, https:\/\/rvm1882.de\/wp-content\/uploads\/2020\/11\/brummel-ditzel-4-kln-1980x544.jpg 1980w\" \/><div class=\"wp-block-cover__inner-container is-layout-flow wp-block-cover-is-layout-flow\">\n<h3 class=\"has-text-align-center wp-block-heading\"><strong>2020<\/strong><\/h3>\n\n\n\n<p><\/p>\n<\/div><\/div>\n\n\n\n<div class=\"wp-block-group alignfull has-primary-color has-accent-background-color has-text-color has-background\"><div class=\"wp-block-group__inner-container is-layout-flow wp-block-group-is-layout-flow\">\n<h2 class=\"has-text-align-center tw-mb-7 wp-block-heading\">&#8220;Lassen Sie sich vom Rudern begeistern.&#8221;<\/h2>\n\n\n<div class=\"wp-block-image is-style-rounded\">\n<figure class=\"aligncenter size-large is-resized\"><img loading=\"lazy\" decoding=\"async\" src=\"https:\/\/rvm1882.de\/wp-content\/uploads\/2021\/03\/Dirk_Bensmann.jpg\" alt=\"\" class=\"wp-image-1472\" width=\"500\" height=\"409\"\/><\/figure><\/div>\n\n\n<blockquote class=\"wp-block-quote has-text-align-center is-style-tw-large-icon is-layout-flow wp-block-quote-is-layout-flow\"><p>Auf diesen Seiten finden Sie vielf\u00e4ltige Informationen \u00fcber den Ruderverein M\u00fcnster von 1882 e.V. und sein umfangreiches rudersportliches Angebot. Wir hoffen, dass wir Ihr Interesse wecken und freuen uns, Sie in unserem Bootshaus als Gast oder als neues Mitglied begr\u00fc\u00dfen zu d\u00fcrfen.<\/p><cite>Dirk Bensmann, Sprecher des Rudervereins M\u00fcnster 1882 e.V.<\/cite><\/blockquote>\n<\/div><\/div>\n\n\n\n<div class=\"wp-block-group alignfull has-primary-background-color has-background\"><div class=\"wp-block-group__inner-container is-layout-flow wp-block-group-is-layout-flow\">\n<div class=\"wp-block-group alignfull\"><div class=\"wp-block-group__inner-container is-layout-flow wp-block-group-is-layout-flow\"><div class=\"wp-block-image\">\n<figure class=\"aligncenter size-large is-resized\"><img loading=\"lazy\" decoding=\"async\" src=\"https:\/\/rvm1882.de\/wp-content\/uploads\/2020\/11\/RVM-blauer-Stern-1.png\" alt=\"\" class=\"wp-image-638\" width=\"153\" height=\"177\"\/><\/figure><\/div><\/div><\/div>\n<\/div><\/div>\n\n\n\n<div class=\"wp-block-cover alignfull is-light is-position-center-center\" style=\"min-height:900px;aspect-ratio:unset;\"><span aria-hidden=\"true\" class=\"wp-block-cover__background has-background-dim-20 has-background-dim\"><\/span><img loading=\"lazy\" decoding=\"async\" width=\"1429\" height=\"1015\" sizes=\"(max-width: 799px) 200vw,(max-width: 1429px) 100vw,1429px\" class=\"wp-block-cover__image-background wp-image-65\" src=\"https:\/\/rvm1882.de\/wp-content\/uploads\/2020\/11\/dsc_9225-1.jpg\" style=\"object-position:51% 27%\" data-object-fit=\"cover\" data-object-position=\"51% 27%\" srcset=\"https:\/\/rvm1882.de\/wp-content\/uploads\/2020\/11\/dsc_9225-1.jpg 1429w, https:\/\/rvm1882.de\/wp-content\/uploads\/2020\/11\/dsc_9225-1-300x213.jpg 300w, https:\/\/rvm1882.de\/wp-content\/uploads\/2020\/11\/dsc_9225-1-1024x727.jpg 1024w, https:\/\/rvm1882.de\/wp-content\/uploads\/2020\/11\/dsc_9225-1-768x546.jpg 768w, https:\/\/rvm1882.de\/wp-content\/uploads\/2020\/11\/dsc_9225-1-1200x852.jpg 1200w\" \/><div class=\"wp-block-cover__inner-container is-layout-flow wp-block-cover-is-layout-flow\">\n<p class=\"has-text-align-center has-text-color\" style=\"color:#fffffa;font-size:74px;line-height:1.1\"><strong>Unsere Europameister 2020<\/strong><\/p>\n<\/div><\/div>\n\n\n\n<p class=\"has-small-font-size\">EM-Gold f\u00fcr Ole Kruse und Floyd Benedikter bei der U-23-EM in Duisburg<\/p>\n\n\n\n<div style=\"height:50px\" aria-hidden=\"true\" class=\"wp-block-spacer\"><\/div>\n\n\n\n<h2 class=\"wp-block-heading\">Internationale sportliche Erfolge (Auswahl):<\/h2>\n\n\n\n<div class=\"wp-block-group alignfull\"><div class=\"wp-block-group__inner-container is-layout-flow wp-block-group-is-layout-flow\">\n<h4 class=\"wp-block-heading\">Insgesamt 26 WM-Medaillen bei 42 WM-Teilnahmen seit 1990!<\/h4>\n<\/div><\/div>\n\n\n\n<figure class=\"wp-block-table is-style-stripes\"><table><tbody><tr><td><strong>Jahr <\/strong><\/td><td><strong>Wettkampf<\/strong><\/td><td><strong>Austragungsort<\/strong><\/td><td><strong>Bootsklasse<\/strong><\/td><td><strong>RVM Athlethen<\/strong><\/td><td><strong>Medaille<\/strong><\/td><\/tr><tr><td>1984<\/td><td>Olympische Spiele<\/td><td>Los Angeles<\/td><td>Zweier-ohne<\/td><td>Ellen Becker<\/td><td>Bronze<\/td><\/tr><tr><td>1992<\/td><td>Olympische Spiele<\/td><td>Barcelona<br><\/td><td>Zweier-ohne<\/td><td>Peter Hoeltzenbein<\/td><td>Silber<\/td><\/tr><tr><td>1993<\/td><td>Weltmeisterschaften<\/td><td>Racice<\/td><td>Achter<\/td><td>Peter Hoeltzenbein, Andreas L\u00fctkefels<\/td><td>Gold<\/td><\/tr><tr><td>1994<\/td><td>Weltmeisterschaften<\/td><td>Indianapolis<\/td><td>Zweier-ohne<\/td><td>Peter Hoeltzenbein<\/td><td>Silber<\/td><\/tr><tr><td>1995<\/td><td>Junioren-Weltmeisterschaften<\/td><td>Tampere<\/td><td>Achter<\/td><td>Martin Asholt<\/td><td>Gold<\/td><\/tr><tr><td>2000<\/td><td>Junioren-Weltmeisterschaften<\/td><td>Zagreb<\/td><td>Achter<\/td><td>Alexander Kortmann<\/td><td>Gold<\/td><\/tr><tr><td>2002<\/td><td>Weltmeisterschaften<\/td><td>Sevilla<\/td><td>Vierer-ohne<\/td><td>Philipp St\u00fcer<\/td><td>Gold<\/td><\/tr><tr><td>2006<\/td><td>Weltmeisterschaften<\/td><td>Eton<\/td><td>Achter<\/td><td>Philipp St\u00fcer<\/td><td>Gold<\/td><\/tr><tr><td>2007<\/td><td>Weltmeisterschaften<\/td><td>M\u00fcnchen<\/td><td>Achter<\/td><td>Philipp St\u00fcer<\/td><td>Silber<\/td><\/tr><tr><td>2013<\/td><td>Junioren-Weltmeisterschaften<\/td><td>Trakai<\/td><td>Achter<\/td><td>Richard Bensmann, Mario Acosta Dominguez<\/td><td>Gold<\/td><\/tr><tr><td><\/td><td>U23-Weltmeisterschaften<\/td><td>Ottenheim<\/td><td>Vierer-mit<\/td><td>Maximilian Wagner<\/td><td>Silber<\/td><\/tr><tr><td>2014<\/td><td>Junioren-Weltmeisterschaften<\/td><td>Hamburg<\/td><td>Achter<\/td><td>Mario Acosta Dominguez<\/td><td>Gold<\/td><\/tr><tr><td><\/td><td>U23-Weltmeisterschaften<\/td><td>Varese<\/td><td>Vierer-ohne<\/td><td>Richard Bensmann<\/td><td>Silber<\/td><\/tr><tr><td>2015<\/td><td>U23-Weltmeisterschaften<\/td><td>Plovdiv<\/td><td>Leichtgewichts-Vierer-ohne<\/td><td>Sven Ditzel, Felix Brummel<\/td><td>Silber<\/td><\/tr><tr><td>2016<\/td><td>Junioren-Europameisterschaften<\/td><td>Trakai<\/td><td>Doppelzweier<\/td><td>Henri Schwinde<\/td><td>Gold<\/td><\/tr><tr><td><\/td><td>Junioren-Weltmeisterschaften<\/td><td>Rotterdam<\/td><td>Doppelzweier<\/td><td>Henri Schwinde<\/td><td>Silber<\/td><\/tr><tr><td><\/td><td>U23-Weltmeisterschaften<\/td><td>Rotterdam<\/td><td>Leichtgewichts-Vierer-ohne<\/td><td>Felix Brummel<\/td><td>Silber<\/td><\/tr><tr><td>2017<\/td><td>Junioren-Weltmeisterschaften<\/td><td>Trakai<\/td><td>Achter<\/td><td>John Heithoff, Mika Kohout,<br>Ole Kruse, Yannik Sacherer<\/td><td>Gold<\/td><\/tr><tr><td><\/td><td>U23-Weltmeisterschaften<\/td><td>Plovdiv<\/td><td>Vierer-ohne<\/td><td>Ida Kruse<\/td><td>Bronze<\/td><\/tr><tr><td>2018<\/td><td>Indoor Rowing-Weltmeisterschaften<\/td><td>Alexandria<\/td><td>Offene Klasse<\/td><td>Luisa Neerschulte<\/td><td>Silber<\/td><\/tr><tr><td><\/td><td><\/td><td><\/td><td>U19<\/td><td>Floyd Benedikter<\/td><td>Bronze<\/td><\/tr><tr><td><\/td><td>U23-Europameisterschaften<\/td><td>Brest<\/td><td>Zweier-ohne<\/td><td>John Heithoff, Yannik Sacherer<\/td><td>Platz 13<\/td><\/tr><tr><td><\/td><td>U23-Weltmeisterschaften<\/td><td>Posen<\/td><td>Doppelzweier<\/td><td>Henri Schwinde<\/td><td>Platz 7<\/td><\/tr><tr><td><\/td><td>U19-Weltmeisterschaften<\/td><td>Racice<\/td><td>Achter<\/td><td>Floyd Benedikter<\/td><td>Bronze<\/td><\/tr><tr><td><\/td><td>Europameisterschaften<\/td><td>Glasgow<\/td><td>Vierer-ohne<\/td><td>Ida Kruse<\/td><td>Platz 6<\/td><\/tr><tr><td><\/td><td><\/td><td><\/td><td>Vierer-ohne<\/td><td>Felix Brummel<\/td><td>Platz 7<\/td><\/tr><tr><td><\/td><td>Weltmeisterschaften<\/td><td>Plovdiv<\/td><td>Vierer-ohne<\/td><td>Felix Brummel<\/td><td>Platz 6<\/td><\/tr><tr><td>2019<\/td><td>Europameisterschaften<\/td><td>Luzern<\/td><td>Vierer-ohne<\/td><td>Felix Brummel<\/td><td>Bronze<\/td><\/tr><tr><td><\/td><td>U23-Weltmeisterschaften<\/td><td>Sarasota<\/td><td>Vierer-mit<\/td><td>Ole Kruse<\/td><td>Platz 8<\/td><\/tr><tr><td><\/td><td><\/td><td><\/td><td>Achter<\/td><td>Floyd Benedikter<\/td><td>Platz 5<\/td><\/tr><tr><td><\/td><td>Weltmeisterschaften<\/td><td>Linz<\/td><td>Vierer-ohne<\/td><td>Felix Brummel<\/td><td>Platz 10<\/td><\/tr><tr><td><\/td><td><\/td><td><\/td><td>Vierer-ohne<\/td><td>Ida Kruse<\/td><td>Platz 16<\/td><\/tr><tr><td><\/td><td>U23- Europameisterschaften<\/td><td>Ioannina<\/td><td>Lgw. Doppelvierer<\/td><td>Julia Tert\u00fcnte<\/td><td>Gold<\/td><\/tr><tr><td><\/td><td><\/td><td><\/td><td>Achter<\/td><td>John Heithoff<\/td><td>Platz 6<\/td><\/tr><tr><td><\/td><td><\/td><td><\/td><td>Doppelzweier<\/td><td>Joscha Feder<\/td><td>Platz 11<\/td><\/tr><tr><td>2020<\/td><td>U23-Europameisterschaften<\/td><td>Duisburg<\/td><td>Achter<\/td><td>Ole Kruse, Floyd Benedikter<\/td><td>Gold<\/td><\/tr><tr><td><\/td><td>Europameisterschaften<\/td><td>Poznan<\/td><td>Vierer-ohne<\/td><td>Ida Kruse<\/td><td>Platz 12<\/td><\/tr><\/tbody><\/table><\/figure>\n\n\n\n<div class=\"wp-block-group alignfull\"><div class=\"wp-block-group__inner-container is-layout-flow wp-block-group-is-layout-flow\"><\/div><\/div>\n\n\n\n<div class=\"wp-block-group alignfull\"><div class=\"wp-block-group__inner-container is-layout-flow wp-block-group-is-layout-flow\"><\/div><\/div>\n","protected":false},"excerpt":{"rendered":"<p>Der Ruderverein M\u00fcnster von 1882 e.V. Seit mehr als 140 Jahren betreiben wir den Rudersport in M\u00fcnster. Damit sind wir einer der \u00e4ltesten und gr\u00f6\u00dften Rudervereine der Region. Als 21&hellip;<\/p>\n","protected":false},"author":2,"featured_media":1083,"parent":0,"menu_order":0,"comment_status":"closed","ping_status":"closed","template":"templates\/template-full-width.php","meta":{"_monsterinsights_skip_tracking":false,"_monsterinsights_sitenote_active":false,"_monsterinsights_sitenote_note":"","_monsterinsights_sitenote_category":0,"footnotes":""},"aioseo_notices":[],"yoast_head":"<!-- This site is optimized with the Yoast SEO plugin v22.6 - https:\/\/yoast.com\/wordpress\/plugins\/seo\/ -->\n<title>Der Verein - Ruderverein M\u00fcnster von 1882 e. V.<\/title>\n<meta name=\"description\" content=\"Seit mehr als 129 Jahren betreiben wir den Rudersport in M\u00fcnster. Damit sind wir einer der \u00e4ltesten und gr\u00f6\u00dften Rudervereine des M\u00fcnsterlandes.\" \/>\n<meta name=\"robots\" content=\"index, follow, max-snippet:-1, max-image-preview:large, max-video-preview:-1\" \/>\n<link rel=\"canonical\" href=\"https:\/\/rvm1882.de\/index.php\/der_verein\/\" \/>\n<meta property=\"og:locale\" content=\"de_DE\" \/>\n<meta property=\"og:type\" content=\"article\" \/>\n<meta property=\"og:title\" content=\"Der Verein - Ruderverein M\u00fcnster von 1882 e. V.\" \/>\n<meta property=\"og:description\" content=\"Seit mehr als 129 Jahren betreiben wir den Rudersport in M\u00fcnster. Damit sind wir einer der \u00e4ltesten und gr\u00f6\u00dften Rudervereine des M\u00fcnsterlandes.\" \/>\n<meta property=\"og:url\" content=\"https:\/\/rvm1882.de\/index.php\/der_verein\/\" \/>\n<meta property=\"og:site_name\" content=\"Ruderverein M\u00fcnster von 1882 e. V.\" \/>\n<meta property=\"article:modified_time\" content=\"2023-01-08T14:53:04+00:00\" \/>\n<meta property=\"og:image\" content=\"https:\/\/rvm1882.de\/wp-content\/uploads\/2021\/01\/DSC_3826_web-1.jpg\" \/>\n\t<meta property=\"og:image:width\" content=\"1980\" \/>\n\t<meta property=\"og:image:height\" content=\"1318\" \/>\n\t<meta property=\"og:image:type\" content=\"image\/jpeg\" \/>\n<meta name=\"twitter:card\" content=\"summary_large_image\" \/>\n<meta name=\"twitter:label1\" content=\"Gesch\u00e4tzte Lesezeit\" \/>\n\t<meta name=\"twitter:data1\" content=\"5\u00a0Minuten\" \/>\n<script type=\"application\/ld+json\" class=\"yoast-schema-graph\">{\"@context\":\"https:\/\/schema.org\",\"@graph\":[{\"@type\":\"WebPage\",\"@id\":\"https:\/\/rvm1882.de\/index.php\/der_verein\/\",\"url\":\"https:\/\/rvm1882.de\/index.php\/der_verein\/\",\"name\":\"Der Verein - Ruderverein M\u00fcnster von 1882 e. V.\",\"isPartOf\":{\"@id\":\"https:\/\/rvm1882.de\/#website\"},\"primaryImageOfPage\":{\"@id\":\"https:\/\/rvm1882.de\/index.php\/der_verein\/#primaryimage\"},\"image\":{\"@id\":\"https:\/\/rvm1882.de\/index.php\/der_verein\/#primaryimage\"},\"thumbnailUrl\":\"https:\/\/rvm1882.de\/wp-content\/uploads\/2021\/01\/DSC_3826_web-1.jpg\",\"datePublished\":\"2020-11-13T08:18:45+00:00\",\"dateModified\":\"2023-01-08T14:53:04+00:00\",\"description\":\"Seit mehr als 129 Jahren betreiben wir den Rudersport in M\u00fcnster. Damit sind wir einer der \u00e4ltesten und gr\u00f6\u00dften Rudervereine des M\u00fcnsterlandes.\",\"breadcrumb\":{\"@id\":\"https:\/\/rvm1882.de\/index.php\/der_verein\/#breadcrumb\"},\"inLanguage\":\"de\",\"potentialAction\":[{\"@type\":\"ReadAction\",\"target\":[\"https:\/\/rvm1882.de\/index.php\/der_verein\/\"]}]},{\"@type\":\"ImageObject\",\"inLanguage\":\"de\",\"@id\":\"https:\/\/rvm1882.de\/index.php\/der_verein\/#primaryimage\",\"url\":\"https:\/\/rvm1882.de\/wp-content\/uploads\/2021\/01\/DSC_3826_web-1.jpg\",\"contentUrl\":\"https:\/\/rvm1882.de\/wp-content\/uploads\/2021\/01\/DSC_3826_web-1.jpg\",\"width\":1980,\"height\":1318,\"caption\":\"Gold f\u00fcr Julia Tert\u00fcnte (2. v. l.) vom RVM 1882 bei den U23-Europameisterschaften in Ioannina 2019.\"},{\"@type\":\"BreadcrumbList\",\"@id\":\"https:\/\/rvm1882.de\/index.php\/der_verein\/#breadcrumb\",\"itemListElement\":[{\"@type\":\"ListItem\",\"position\":1,\"name\":\"Home\",\"item\":\"https:\/\/rvm1882.de\/\"},{\"@type\":\"ListItem\",\"position\":2,\"name\":\"Der Verein\"}]},{\"@type\":\"WebSite\",\"@id\":\"https:\/\/rvm1882.de\/#website\",\"url\":\"https:\/\/rvm1882.de\/\",\"name\":\"Ruderverein M\u00fcnster von 1882 e. V.\",\"description\":\"\",\"publisher\":{\"@id\":\"https:\/\/rvm1882.de\/#organization\"},\"potentialAction\":[{\"@type\":\"SearchAction\",\"target\":{\"@type\":\"EntryPoint\",\"urlTemplate\":\"https:\/\/rvm1882.de\/?s={search_term_string}\"},\"query-input\":\"required name=search_term_string\"}],\"inLanguage\":\"de\"},{\"@type\":\"Organization\",\"@id\":\"https:\/\/rvm1882.de\/#organization\",\"name\":\"Ruderverein M\u00fcnster von 1882 e. V.\",\"url\":\"https:\/\/rvm1882.de\/\",\"logo\":{\"@type\":\"ImageObject\",\"inLanguage\":\"de\",\"@id\":\"https:\/\/rvm1882.de\/#\/schema\/logo\/image\/\",\"url\":\"https:\/\/rvm1882.de\/wp-content\/uploads\/2021\/03\/RVM_1882_Logo-1-e1680243356993.png\",\"contentUrl\":\"https:\/\/rvm1882.de\/wp-content\/uploads\/2021\/03\/RVM_1882_Logo-1-e1680243356993.png\",\"width\":500,\"height\":379,\"caption\":\"Ruderverein M\u00fcnster von 1882 e. V.\"},\"image\":{\"@id\":\"https:\/\/rvm1882.de\/#\/schema\/logo\/image\/\"}}]}<\/script>\n<!-- \/ Yoast SEO plugin. -->","yoast_head_json":{"title":"Der Verein - Ruderverein M\u00fcnster von 1882 e. V.","description":"Seit mehr als 129 Jahren betreiben wir den Rudersport in M\u00fcnster. Damit sind wir einer der \u00e4ltesten und gr\u00f6\u00dften Rudervereine des M\u00fcnsterlandes.","robots":{"index":"index","follow":"follow","max-snippet":"max-snippet:-1","max-image-preview":"max-image-preview:large","max-video-preview":"max-video-preview:-1"},"canonical":"https:\/\/rvm1882.de\/index.php\/der_verein\/","og_locale":"de_DE","og_type":"article","og_title":"Der Verein - Ruderverein M\u00fcnster von 1882 e. V.","og_description":"Seit mehr als 129 Jahren betreiben wir den Rudersport in M\u00fcnster. Damit sind wir einer der \u00e4ltesten und gr\u00f6\u00dften Rudervereine des M\u00fcnsterlandes.","og_url":"https:\/\/rvm1882.de\/index.php\/der_verein\/","og_site_name":"Ruderverein M\u00fcnster von 1882 e. V.","article_modified_time":"2023-01-08T14:53:04+00:00","og_image":[{"width":1980,"height":1318,"url":"https:\/\/rvm1882.de\/wp-content\/uploads\/2021\/01\/DSC_3826_web-1.jpg","type":"image\/jpeg"}],"twitter_card":"summary_large_image","twitter_misc":{"Gesch\u00e4tzte Lesezeit":"5\u00a0Minuten"},"schema":{"@context":"https:\/\/schema.org","@graph":[{"@type":"WebPage","@id":"https:\/\/rvm1882.de\/index.php\/der_verein\/","url":"https:\/\/rvm1882.de\/index.php\/der_verein\/","name":"Der Verein - Ruderverein M\u00fcnster von 1882 e. V.","isPartOf":{"@id":"https:\/\/rvm1882.de\/#website"},"primaryImageOfPage":{"@id":"https:\/\/rvm1882.de\/index.php\/der_verein\/#primaryimage"},"image":{"@id":"https:\/\/rvm1882.de\/index.php\/der_verein\/#primaryimage"},"thumbnailUrl":"https:\/\/rvm1882.de\/wp-content\/uploads\/2021\/01\/DSC_3826_web-1.jpg","datePublished":"2020-11-13T08:18:45+00:00","dateModified":"2023-01-08T14:53:04+00:00","description":"Seit mehr als 129 Jahren betreiben wir den Rudersport in M\u00fcnster. Damit sind wir einer der \u00e4ltesten und gr\u00f6\u00dften Rudervereine des M\u00fcnsterlandes.","breadcrumb":{"@id":"https:\/\/rvm1882.de\/index.php\/der_verein\/#breadcrumb"},"inLanguage":"de","potentialAction":[{"@type":"ReadAction","target":["https:\/\/rvm1882.de\/index.php\/der_verein\/"]}]},{"@type":"ImageObject","inLanguage":"de","@id":"https:\/\/rvm1882.de\/index.php\/der_verein\/#primaryimage","url":"https:\/\/rvm1882.de\/wp-content\/uploads\/2021\/01\/DSC_3826_web-1.jpg","contentUrl":"https:\/\/rvm1882.de\/wp-content\/uploads\/2021\/01\/DSC_3826_web-1.jpg","width":1980,"height":1318,"caption":"Gold f\u00fcr Julia Tert\u00fcnte (2. v. l.) vom RVM 1882 bei den U23-Europameisterschaften in Ioannina 2019."},{"@type":"BreadcrumbList","@id":"https:\/\/rvm1882.de\/index.php\/der_verein\/#breadcrumb","itemListElement":[{"@type":"ListItem","position":1,"name":"Home","item":"https:\/\/rvm1882.de\/"},{"@type":"ListItem","position":2,"name":"Der Verein"}]},{"@type":"WebSite","@id":"https:\/\/rvm1882.de\/#website","url":"https:\/\/rvm1882.de\/","name":"Ruderverein M\u00fcnster von 1882 e. V.","description":"","publisher":{"@id":"https:\/\/rvm1882.de\/#organization"},"potentialAction":[{"@type":"SearchAction","target":{"@type":"EntryPoint","urlTemplate":"https:\/\/rvm1882.de\/?s={search_term_string}"},"query-input":"required name=search_term_string"}],"inLanguage":"de"},{"@type":"Organization","@id":"https:\/\/rvm1882.de\/#organization","name":"Ruderverein M\u00fcnster von 1882 e. V.","url":"https:\/\/rvm1882.de\/","logo":{"@type":"ImageObject","inLanguage":"de","@id":"https:\/\/rvm1882.de\/#\/schema\/logo\/image\/","url":"https:\/\/rvm1882.de\/wp-content\/uploads\/2021\/03\/RVM_1882_Logo-1-e1680243356993.png","contentUrl":"https:\/\/rvm1882.de\/wp-content\/uploads\/2021\/03\/RVM_1882_Logo-1-e1680243356993.png","width":500,"height":379,"caption":"Ruderverein M\u00fcnster von 1882 e. V."},"image":{"@id":"https:\/\/rvm1882.de\/#\/schema\/logo\/image\/"}}]}},"_links":{"self":[{"href":"https:\/\/rvm1882.de\/index.php\/wp-json\/wp\/v2\/pages\/8"}],"collection":[{"href":"https:\/\/rvm1882.de\/index.php\/wp-json\/wp\/v2\/pages"}],"about":[{"href":"https:\/\/rvm1882.de\/index.php\/wp-json\/wp\/v2\/types\/page"}],"author":[{"embeddable":true,"href":"https:\/\/rvm1882.de\/index.php\/wp-json\/wp\/v2\/users\/2"}],"replies":[{"embeddable":true,"href":"https:\/\/rvm1882.de\/index.php\/wp-json\/wp\/v2\/comments?post=8"}],"version-history":[{"count":80,"href":"https:\/\/rvm1882.de\/index.php\/wp-json\/wp\/v2\/pages\/8\/revisions"}],"predecessor-version":[{"id":1976,"href":"https:\/\/rvm1882.de\/index.php\/wp-json\/wp\/v2\/pages\/8\/revisions\/1976"}],"wp:featuredmedia":[{"embeddable":true,"href":"https:\/\/rvm1882.de\/index.php\/wp-json\/wp\/v2\/media\/1083"}],"wp:attachment":[{"href":"https:\/\/rvm1882.de\/index.php\/wp-json\/wp\/v2\/media?parent=8"}],"curies":[{"name":"wp","href":"https:\/\/api.w.org\/{rel}","templated":true}]}}